{"id":64,"date":"2022-08-28T23:20:58","date_gmt":"2022-08-28T21:20:58","guid":{"rendered":"https:\/\/belfort-paris.ms.decms.eu\/?page_id=64"},"modified":"2026-02-20T16:35:11","modified_gmt":"2026-02-20T15:35:11","slug":"accessible-double-room","status":"publish","type":"page","link":"https:\/\/www.hoteldebelfort.com\/fr\/hotel-belforts-rooms\/accessible-double-room\/","title":{"rendered":"Chambre accessible handicap\u00e9"},"content":{"rendered":"<p>Nous disposons d&rsquo;une chambre PMR au rez-de-chauss\u00e9e, offrant aux personnes \u00e0 mobilit\u00e9 r\u00e9duite le m\u00eame confort et le m\u00eame design qu&rsquo;\u00e0 Belfort, avec une accessibilit\u00e9 totale aux fauteuils roulants. Nous sommes proches des transports en commun, des boutiques et des restaurants du quartier anim\u00e9 de la Bastille, et les principales attractions, dont le cimeti\u00e8re du P\u00e8re-Lachaise, se trouvent \u00e0 proximit\u00e9. N&rsquo;oubliez pas que le personnel de la r\u00e9ception est toujours disponible pour vous aider de quelque mani\u00e8re que ce soit.<\/p>\n","protected":false},"excerpt":{"rendered":"<p>Nous disposons d&rsquo;une chambre PMR au rez-de-chauss\u00e9e, offrant aux personnes \u00e0 mobilit\u00e9 r\u00e9duite le m\u00eame confort et le m\u00eame design qu&rsquo;\u00e0 Belfort, avec une accessibilit\u00e9 totale aux fauteuils roulants. Nous sommes proches des transports en commun, des boutiques et des restaurants du quartier anim\u00e9 de la Bastille, et les principales attractions, dont le cimeti\u00e8re du [&hellip;]<\/p>\n","protected":false},"author":475,"featured_media":194,"parent":12,"menu_order":11,"comment_status":"closed","ping_status":"closed","template":"template-single-room.php","meta":{"footnotes":""},"class_list":["post-64","page","type-page","status-publish","has-post-thumbnail","hentry"],"yoast_head":"<!-- This site is optimized with the Yoast SEO plugin v26.9 - https:\/\/yoast.com\/product\/yoast-seo-wordpress\/ -->\n<title>Chambre PMR Accessible Paris 11e | H\u00f4tel Belfort Paris<\/title>\n<meta name=\"description\" content=\"Chambre accessible PMR spacieuse \u00e0 Paris 11e. Douche plain-pied, \u00e9quipements adapt\u00e9s. H\u00f4tel accessible personnes mobilit\u00e9 r\u00e9duite pr\u00e8s Bastille.\" \/>\n<meta name=\"robots\" content=\"index, follow, max-snippet:-1, max-image-preview:large, max-video-preview:-1\" \/>\n<link rel=\"canonical\" href=\"https:\/\/www.hoteldebelfort.com\/fr\/hotel-belforts-rooms\/accessible-double-room\/\" \/>\n<meta property=\"og:locale\" content=\"fr_FR\" \/>\n<meta property=\"og:type\" content=\"article\" \/>\n<meta property=\"og:title\" content=\"Chambre PMR Accessible Paris 11e | H\u00f4tel Belfort Paris\" \/>\n<meta property=\"og:description\" content=\"Chambre accessible PMR spacieuse \u00e0 Paris 11e. Douche plain-pied, \u00e9quipements adapt\u00e9s. H\u00f4tel accessible personnes mobilit\u00e9 r\u00e9duite pr\u00e8s Bastille.\" \/>\n<meta property=\"og:url\" content=\"https:\/\/www.hoteldebelfort.com\/fr\/hotel-belforts-rooms\/accessible-double-room\/\" \/>\n<meta property=\"og:site_name\" content=\"Belfort Paris\" \/>\n<meta property=\"article:modified_time\" content=\"2026-02-20T15:35:11+00:00\" \/>\n<meta property=\"og:image\" content=\"https:\/\/www.hoteldebelfort.com\/wp-content\/uploads\/sites\/480\/2023\/06\/IMG_8110.jpg\" \/>\n\t<meta property=\"og:image:width\" content=\"1200\" \/>\n\t<meta property=\"og:image:height\" content=\"900\" \/>\n\t<meta property=\"og:image:type\" content=\"image\/jpeg\" \/>\n<meta name=\"twitter:card\" content=\"summary_large_image\" \/>\n<meta name=\"twitter:label1\" content=\"Dur\u00e9e de lecture estim\u00e9e\" \/>\n\t<meta name=\"twitter:data1\" content=\"1 minute\" \/>\n<script type=\"application\/ld+json\" class=\"yoast-schema-graph\">{\"@context\":\"https:\/\/schema.org\",\"@graph\":[{\"@type\":\"WebPage\",\"@id\":\"https:\/\/www.hoteldebelfort.com\/fr\/hotel-belforts-rooms\/accessible-double-room\/\",\"url\":\"https:\/\/www.hoteldebelfort.com\/fr\/hotel-belforts-rooms\/accessible-double-room\/\",\"name\":\"Chambre PMR Accessible Paris 11e | H\u00f4tel Belfort Paris\",\"isPartOf\":{\"@id\":\"https:\/\/www.hoteldebelfort.com\/fr\/#website\"},\"primaryImageOfPage\":{\"@id\":\"https:\/\/www.hoteldebelfort.com\/fr\/hotel-belforts-rooms\/accessible-double-room\/#primaryimage\"},\"image\":{\"@id\":\"https:\/\/www.hoteldebelfort.com\/fr\/hotel-belforts-rooms\/accessible-double-room\/#primaryimage\"},\"thumbnailUrl\":\"https:\/\/www.hoteldebelfort.com\/wp-content\/uploads\/sites\/480\/2023\/06\/IMG_8110.jpg\",\"datePublished\":\"2022-08-28T21:20:58+00:00\",\"dateModified\":\"2026-02-20T15:35:11+00:00\",\"description\":\"Chambre accessible PMR spacieuse \u00e0 Paris 11e. Douche plain-pied, \u00e9quipements adapt\u00e9s. H\u00f4tel accessible personnes mobilit\u00e9 r\u00e9duite pr\u00e8s Bastille.\",\"breadcrumb\":{\"@id\":\"https:\/\/www.hoteldebelfort.com\/fr\/hotel-belforts-rooms\/accessible-double-room\/#breadcrumb\"},\"inLanguage\":\"fr-FR\",\"potentialAction\":[{\"@type\":\"ReadAction\",\"target\":[\"https:\/\/www.hoteldebelfort.com\/fr\/hotel-belforts-rooms\/accessible-double-room\/\"]}]},{\"@type\":\"ImageObject\",\"inLanguage\":\"fr-FR\",\"@id\":\"https:\/\/www.hoteldebelfort.com\/fr\/hotel-belforts-rooms\/accessible-double-room\/#primaryimage\",\"url\":\"https:\/\/www.hoteldebelfort.com\/wp-content\/uploads\/sites\/480\/2023\/06\/IMG_8110.jpg\",\"contentUrl\":\"https:\/\/www.hoteldebelfort.com\/wp-content\/uploads\/sites\/480\/2023\/06\/IMG_8110.jpg\",\"width\":1200,\"height\":900},{\"@type\":\"BreadcrumbList\",\"@id\":\"https:\/\/www.hoteldebelfort.com\/fr\/hotel-belforts-rooms\/accessible-double-room\/#breadcrumb\",\"itemListElement\":[{\"@type\":\"ListItem\",\"position\":1,\"name\":\"Accueil\",\"item\":\"https:\/\/www.hoteldebelfort.com\/fr\/\"},{\"@type\":\"ListItem\",\"position\":2,\"name\":\"Chambres de l&#8217;h\u00f4tel Belfort\",\"item\":\"https:\/\/www.hoteldebelfort.com\/fr\/hotel-belforts-rooms\/\"},{\"@type\":\"ListItem\",\"position\":3,\"name\":\"Chambre accessible handicap\u00e9\"}]},{\"@type\":\"WebSite\",\"@id\":\"https:\/\/www.hoteldebelfort.com\/fr\/#website\",\"url\":\"https:\/\/www.hoteldebelfort.com\/fr\/\",\"name\":\"Belfort Paris\",\"description\":\"Un site utilisant ms.decms.eu\",\"potentialAction\":[{\"@type\":\"SearchAction\",\"target\":{\"@type\":\"EntryPoint\",\"urlTemplate\":\"https:\/\/www.hoteldebelfort.com\/fr\/?s={search_term_string}\"},\"query-input\":{\"@type\":\"PropertyValueSpecification\",\"valueRequired\":true,\"valueName\":\"search_term_string\"}}],\"inLanguage\":\"fr-FR\"}]}<\/script>\n<!-- \/ Yoast SEO plugin. -->","yoast_head_json":{"title":"Chambre PMR Accessible Paris 11e | H\u00f4tel Belfort Paris","description":"Chambre accessible PMR spacieuse \u00e0 Paris 11e. Douche plain-pied, \u00e9quipements adapt\u00e9s. H\u00f4tel accessible personnes mobilit\u00e9 r\u00e9duite pr\u00e8s Bastille.","robots":{"index":"index","follow":"follow","max-snippet":"max-snippet:-1","max-image-preview":"max-image-preview:large","max-video-preview":"max-video-preview:-1"},"canonical":"https:\/\/www.hoteldebelfort.com\/fr\/hotel-belforts-rooms\/accessible-double-room\/","og_locale":"fr_FR","og_type":"article","og_title":"Chambre PMR Accessible Paris 11e | H\u00f4tel Belfort Paris","og_description":"Chambre accessible PMR spacieuse \u00e0 Paris 11e. Douche plain-pied, \u00e9quipements adapt\u00e9s. H\u00f4tel accessible personnes mobilit\u00e9 r\u00e9duite pr\u00e8s Bastille.","og_url":"https:\/\/www.hoteldebelfort.com\/fr\/hotel-belforts-rooms\/accessible-double-room\/","og_site_name":"Belfort Paris","article_modified_time":"2026-02-20T15:35:11+00:00","og_image":[{"width":1200,"height":900,"url":"https:\/\/www.hoteldebelfort.com\/wp-content\/uploads\/sites\/480\/2023\/06\/IMG_8110.jpg","type":"image\/jpeg"}],"twitter_card":"summary_large_image","twitter_misc":{"Dur\u00e9e de lecture estim\u00e9e":"1 minute"},"schema":{"@context":"https:\/\/schema.org","@graph":[{"@type":"WebPage","@id":"https:\/\/www.hoteldebelfort.com\/fr\/hotel-belforts-rooms\/accessible-double-room\/","url":"https:\/\/www.hoteldebelfort.com\/fr\/hotel-belforts-rooms\/accessible-double-room\/","name":"Chambre PMR Accessible Paris 11e | H\u00f4tel Belfort Paris","isPartOf":{"@id":"https:\/\/www.hoteldebelfort.com\/fr\/#website"},"primaryImageOfPage":{"@id":"https:\/\/www.hoteldebelfort.com\/fr\/hotel-belforts-rooms\/accessible-double-room\/#primaryimage"},"image":{"@id":"https:\/\/www.hoteldebelfort.com\/fr\/hotel-belforts-rooms\/accessible-double-room\/#primaryimage"},"thumbnailUrl":"https:\/\/www.hoteldebelfort.com\/wp-content\/uploads\/sites\/480\/2023\/06\/IMG_8110.jpg","datePublished":"2022-08-28T21:20:58+00:00","dateModified":"2026-02-20T15:35:11+00:00","description":"Chambre accessible PMR spacieuse \u00e0 Paris 11e. Douche plain-pied, \u00e9quipements adapt\u00e9s. H\u00f4tel accessible personnes mobilit\u00e9 r\u00e9duite pr\u00e8s Bastille.","breadcrumb":{"@id":"https:\/\/www.hoteldebelfort.com\/fr\/hotel-belforts-rooms\/accessible-double-room\/#breadcrumb"},"inLanguage":"fr-FR","potentialAction":[{"@type":"ReadAction","target":["https:\/\/www.hoteldebelfort.com\/fr\/hotel-belforts-rooms\/accessible-double-room\/"]}]},{"@type":"ImageObject","inLanguage":"fr-FR","@id":"https:\/\/www.hoteldebelfort.com\/fr\/hotel-belforts-rooms\/accessible-double-room\/#primaryimage","url":"https:\/\/www.hoteldebelfort.com\/wp-content\/uploads\/sites\/480\/2023\/06\/IMG_8110.jpg","contentUrl":"https:\/\/www.hoteldebelfort.com\/wp-content\/uploads\/sites\/480\/2023\/06\/IMG_8110.jpg","width":1200,"height":900},{"@type":"BreadcrumbList","@id":"https:\/\/www.hoteldebelfort.com\/fr\/hotel-belforts-rooms\/accessible-double-room\/#breadcrumb","itemListElement":[{"@type":"ListItem","position":1,"name":"Accueil","item":"https:\/\/www.hoteldebelfort.com\/fr\/"},{"@type":"ListItem","position":2,"name":"Chambres de l&#8217;h\u00f4tel Belfort","item":"https:\/\/www.hoteldebelfort.com\/fr\/hotel-belforts-rooms\/"},{"@type":"ListItem","position":3,"name":"Chambre accessible handicap\u00e9"}]},{"@type":"WebSite","@id":"https:\/\/www.hoteldebelfort.com\/fr\/#website","url":"https:\/\/www.hoteldebelfort.com\/fr\/","name":"Belfort Paris","description":"Un site utilisant ms.decms.eu","potentialAction":[{"@type":"SearchAction","target":{"@type":"EntryPoint","urlTemplate":"https:\/\/www.hoteldebelfort.com\/fr\/?s={search_term_string}"},"query-input":{"@type":"PropertyValueSpecification","valueRequired":true,"valueName":"search_term_string"}}],"inLanguage":"fr-FR"}]}},"acf":[],"_links":{"self":[{"href":"https:\/\/www.hoteldebelfort.com\/fr\/wp-json\/wp\/v2\/pages\/64","targetHints":{"allow":["GET"]}}],"collection":[{"href":"https:\/\/www.hoteldebelfort.com\/fr\/wp-json\/wp\/v2\/pages"}],"about":[{"href":"https:\/\/www.hoteldebelfort.com\/fr\/wp-json\/wp\/v2\/types\/page"}],"author":[{"embeddable":true,"href":"https:\/\/www.hoteldebelfort.com\/fr\/wp-json\/wp\/v2\/users\/475"}],"replies":[{"embeddable":true,"href":"https:\/\/www.hoteldebelfort.com\/fr\/wp-json\/wp\/v2\/comments?post=64"}],"version-history":[{"count":0,"href":"https:\/\/www.hoteldebelfort.com\/fr\/wp-json\/wp\/v2\/pages\/64\/revisions"}],"up":[{"embeddable":true,"href":"https:\/\/www.hoteldebelfort.com\/fr\/wp-json\/wp\/v2\/pages\/12"}],"wp:featuredmedia":[{"embeddable":true,"href":"https:\/\/www.hoteldebelfort.com\/fr\/wp-json\/wp\/v2\/media\/194"}],"wp:attachment":[{"href":"https:\/\/www.hoteldebelfort.com\/fr\/wp-json\/wp\/v2\/media?parent=64"}],"curies":[{"name":"wp","href":"https:\/\/api.w.org\/{rel}","templated":true}]}}