{"id":57,"date":"2022-08-28T23:08:58","date_gmt":"2022-08-28T21:08:58","guid":{"rendered":"https:\/\/belfort-paris.ms.decms.eu\/?page_id=57"},"modified":"2026-02-20T16:40:18","modified_gmt":"2026-02-20T15:40:18","slug":"superior-triple-room","status":"publish","type":"page","link":"https:\/\/www.hoteldebelfort.com\/fr\/hotel-belforts-rooms\/superior-triple-room\/","title":{"rendered":"Chambre Sup\u00e9rieure Triple"},"content":{"rendered":"<p>Avec plus d&rsquo;espace et trois lits simples qui en font un excellent choix pour les groupes voyageant ensemble \u00e0 Paris, nos chambres triples sup\u00e9rieures sont d\u00e9cor\u00e9es avec go\u00fbt, avec des touches de couleur et des photographies saisissantes. Situ\u00e9es aux \u00e9tages sup\u00e9rieurs de l&rsquo;h\u00f4tel, elles sont accessibles par ascenseur et offrent un choix de vues sur les toits ou sur la cour. Passez une bonne nuit de sommeil et r\u00e9veillez-vous avec une douche revigorante dans nos salles de bains intelligentes.<\/p>\n","protected":false},"excerpt":{"rendered":"<p>Avec plus d&rsquo;espace et trois lits simples qui en font un excellent choix pour les groupes voyageant ensemble \u00e0 Paris, nos chambres triples sup\u00e9rieures sont d\u00e9cor\u00e9es avec go\u00fbt, avec des touches de couleur et des photographies saisissantes. Situ\u00e9es aux \u00e9tages sup\u00e9rieurs de l&rsquo;h\u00f4tel, elles sont accessibles par ascenseur et offrent un choix de vues sur [&hellip;]<\/p>\n","protected":false},"author":475,"featured_media":266,"parent":12,"menu_order":60,"comment_status":"closed","ping_status":"closed","template":"template-single-room.php","meta":{"footnotes":""},"class_list":["post-57","page","type-page","status-publish","has-post-thumbnail","hentry"],"yoast_head":"<!-- This site is optimized with the Yoast SEO plugin v26.9 - https:\/\/yoast.com\/product\/yoast-seo-wordpress\/ -->\n<title>Chambre Triple Sup\u00e9rieure Paris 11e | H\u00f4tel Belfort Paris<\/title>\n<meta name=\"description\" content=\"Chambre triple sup\u00e9rieure spacieuse \u00e0 Paris 11e. 3 lits confort, climatisation, WiFi gratuit. Id\u00e9al groupes. M\u00e9tro Charonne ligne 9 et Philippe Auguste ligne 2.\" \/>\n<meta name=\"robots\" content=\"index, follow, max-snippet:-1, max-image-preview:large, max-video-preview:-1\" \/>\n<link rel=\"canonical\" href=\"https:\/\/www.hoteldebelfort.com\/fr\/hotel-belforts-rooms\/superior-triple-room\/\" \/>\n<meta property=\"og:locale\" content=\"fr_FR\" \/>\n<meta property=\"og:type\" content=\"article\" \/>\n<meta property=\"og:title\" content=\"Chambre Triple Sup\u00e9rieure Paris 11e | H\u00f4tel Belfort Paris\" \/>\n<meta property=\"og:description\" content=\"Chambre triple sup\u00e9rieure spacieuse \u00e0 Paris 11e. 3 lits confort, climatisation, WiFi gratuit. Id\u00e9al groupes. M\u00e9tro Charonne ligne 9 et Philippe Auguste ligne 2.\" \/>\n<meta property=\"og:url\" content=\"https:\/\/www.hoteldebelfort.com\/fr\/hotel-belforts-rooms\/superior-triple-room\/\" \/>\n<meta property=\"og:site_name\" content=\"Belfort Paris\" \/>\n<meta property=\"article:modified_time\" content=\"2026-02-20T15:40:18+00:00\" \/>\n<meta property=\"og:image\" content=\"https:\/\/www.hoteldebelfort.com\/wp-content\/uploads\/sites\/480\/2025\/04\/301.jpg\" \/>\n\t<meta property=\"og:image:width\" content=\"1200\" \/>\n\t<meta property=\"og:image:height\" content=\"900\" \/>\n\t<meta property=\"og:image:type\" content=\"image\/jpeg\" \/>\n<meta name=\"twitter:card\" content=\"summary_large_image\" \/>\n<script type=\"application\/ld+json\" class=\"yoast-schema-graph\">{\"@context\":\"https:\/\/schema.org\",\"@graph\":[{\"@type\":\"WebPage\",\"@id\":\"https:\/\/www.hoteldebelfort.com\/fr\/hotel-belforts-rooms\/superior-triple-room\/\",\"url\":\"https:\/\/www.hoteldebelfort.com\/fr\/hotel-belforts-rooms\/superior-triple-room\/\",\"name\":\"Chambre Triple Sup\u00e9rieure Paris 11e | H\u00f4tel Belfort Paris\",\"isPartOf\":{\"@id\":\"https:\/\/www.hoteldebelfort.com\/fr\/#website\"},\"primaryImageOfPage\":{\"@id\":\"https:\/\/www.hoteldebelfort.com\/fr\/hotel-belforts-rooms\/superior-triple-room\/#primaryimage\"},\"image\":{\"@id\":\"https:\/\/www.hoteldebelfort.com\/fr\/hotel-belforts-rooms\/superior-triple-room\/#primaryimage\"},\"thumbnailUrl\":\"https:\/\/www.hoteldebelfort.com\/wp-content\/uploads\/sites\/480\/2025\/04\/301.jpg\",\"datePublished\":\"2022-08-28T21:08:58+00:00\",\"dateModified\":\"2026-02-20T15:40:18+00:00\",\"description\":\"Chambre triple sup\u00e9rieure spacieuse \u00e0 Paris 11e. 3 lits confort, climatisation, WiFi gratuit. Id\u00e9al groupes. M\u00e9tro Charonne ligne 9 et Philippe Auguste ligne 2.\",\"breadcrumb\":{\"@id\":\"https:\/\/www.hoteldebelfort.com\/fr\/hotel-belforts-rooms\/superior-triple-room\/#breadcrumb\"},\"inLanguage\":\"fr-FR\",\"potentialAction\":[{\"@type\":\"ReadAction\",\"target\":[\"https:\/\/www.hoteldebelfort.com\/fr\/hotel-belforts-rooms\/superior-triple-room\/\"]}]},{\"@type\":\"ImageObject\",\"inLanguage\":\"fr-FR\",\"@id\":\"https:\/\/www.hoteldebelfort.com\/fr\/hotel-belforts-rooms\/superior-triple-room\/#primaryimage\",\"url\":\"https:\/\/www.hoteldebelfort.com\/wp-content\/uploads\/sites\/480\/2025\/04\/301.jpg\",\"contentUrl\":\"https:\/\/www.hoteldebelfort.com\/wp-content\/uploads\/sites\/480\/2025\/04\/301.jpg\",\"width\":1200,\"height\":900},{\"@type\":\"BreadcrumbList\",\"@id\":\"https:\/\/www.hoteldebelfort.com\/fr\/hotel-belforts-rooms\/superior-triple-room\/#breadcrumb\",\"itemListElement\":[{\"@type\":\"ListItem\",\"position\":1,\"name\":\"Accueil\",\"item\":\"https:\/\/www.hoteldebelfort.com\/fr\/\"},{\"@type\":\"ListItem\",\"position\":2,\"name\":\"Chambres de l&#8217;h\u00f4tel Belfort\",\"item\":\"https:\/\/www.hoteldebelfort.com\/fr\/hotel-belforts-rooms\/\"},{\"@type\":\"ListItem\",\"position\":3,\"name\":\"Chambre Sup\u00e9rieure Triple\"}]},{\"@type\":\"WebSite\",\"@id\":\"https:\/\/www.hoteldebelfort.com\/fr\/#website\",\"url\":\"https:\/\/www.hoteldebelfort.com\/fr\/\",\"name\":\"Belfort Paris\",\"description\":\"Un site utilisant ms.decms.eu\",\"potentialAction\":[{\"@type\":\"SearchAction\",\"target\":{\"@type\":\"EntryPoint\",\"urlTemplate\":\"https:\/\/www.hoteldebelfort.com\/fr\/?s={search_term_string}\"},\"query-input\":{\"@type\":\"PropertyValueSpecification\",\"valueRequired\":true,\"valueName\":\"search_term_string\"}}],\"inLanguage\":\"fr-FR\"}]}<\/script>\n<!-- \/ Yoast SEO plugin. -->","yoast_head_json":{"title":"Chambre Triple Sup\u00e9rieure Paris 11e | H\u00f4tel Belfort Paris","description":"Chambre triple sup\u00e9rieure spacieuse \u00e0 Paris 11e. 3 lits confort, climatisation, WiFi gratuit. Id\u00e9al groupes. M\u00e9tro Charonne ligne 9 et Philippe Auguste ligne 2.","robots":{"index":"index","follow":"follow","max-snippet":"max-snippet:-1","max-image-preview":"max-image-preview:large","max-video-preview":"max-video-preview:-1"},"canonical":"https:\/\/www.hoteldebelfort.com\/fr\/hotel-belforts-rooms\/superior-triple-room\/","og_locale":"fr_FR","og_type":"article","og_title":"Chambre Triple Sup\u00e9rieure Paris 11e | H\u00f4tel Belfort Paris","og_description":"Chambre triple sup\u00e9rieure spacieuse \u00e0 Paris 11e. 3 lits confort, climatisation, WiFi gratuit. Id\u00e9al groupes. M\u00e9tro Charonne ligne 9 et Philippe Auguste ligne 2.","og_url":"https:\/\/www.hoteldebelfort.com\/fr\/hotel-belforts-rooms\/superior-triple-room\/","og_site_name":"Belfort Paris","article_modified_time":"2026-02-20T15:40:18+00:00","og_image":[{"width":1200,"height":900,"url":"https:\/\/www.hoteldebelfort.com\/wp-content\/uploads\/sites\/480\/2025\/04\/301.jpg","type":"image\/jpeg"}],"twitter_card":"summary_large_image","schema":{"@context":"https:\/\/schema.org","@graph":[{"@type":"WebPage","@id":"https:\/\/www.hoteldebelfort.com\/fr\/hotel-belforts-rooms\/superior-triple-room\/","url":"https:\/\/www.hoteldebelfort.com\/fr\/hotel-belforts-rooms\/superior-triple-room\/","name":"Chambre Triple Sup\u00e9rieure Paris 11e | H\u00f4tel Belfort Paris","isPartOf":{"@id":"https:\/\/www.hoteldebelfort.com\/fr\/#website"},"primaryImageOfPage":{"@id":"https:\/\/www.hoteldebelfort.com\/fr\/hotel-belforts-rooms\/superior-triple-room\/#primaryimage"},"image":{"@id":"https:\/\/www.hoteldebelfort.com\/fr\/hotel-belforts-rooms\/superior-triple-room\/#primaryimage"},"thumbnailUrl":"https:\/\/www.hoteldebelfort.com\/wp-content\/uploads\/sites\/480\/2025\/04\/301.jpg","datePublished":"2022-08-28T21:08:58+00:00","dateModified":"2026-02-20T15:40:18+00:00","description":"Chambre triple sup\u00e9rieure spacieuse \u00e0 Paris 11e. 3 lits confort, climatisation, WiFi gratuit. Id\u00e9al groupes. M\u00e9tro Charonne ligne 9 et Philippe Auguste ligne 2.","breadcrumb":{"@id":"https:\/\/www.hoteldebelfort.com\/fr\/hotel-belforts-rooms\/superior-triple-room\/#breadcrumb"},"inLanguage":"fr-FR","potentialAction":[{"@type":"ReadAction","target":["https:\/\/www.hoteldebelfort.com\/fr\/hotel-belforts-rooms\/superior-triple-room\/"]}]},{"@type":"ImageObject","inLanguage":"fr-FR","@id":"https:\/\/www.hoteldebelfort.com\/fr\/hotel-belforts-rooms\/superior-triple-room\/#primaryimage","url":"https:\/\/www.hoteldebelfort.com\/wp-content\/uploads\/sites\/480\/2025\/04\/301.jpg","contentUrl":"https:\/\/www.hoteldebelfort.com\/wp-content\/uploads\/sites\/480\/2025\/04\/301.jpg","width":1200,"height":900},{"@type":"BreadcrumbList","@id":"https:\/\/www.hoteldebelfort.com\/fr\/hotel-belforts-rooms\/superior-triple-room\/#breadcrumb","itemListElement":[{"@type":"ListItem","position":1,"name":"Accueil","item":"https:\/\/www.hoteldebelfort.com\/fr\/"},{"@type":"ListItem","position":2,"name":"Chambres de l&#8217;h\u00f4tel Belfort","item":"https:\/\/www.hoteldebelfort.com\/fr\/hotel-belforts-rooms\/"},{"@type":"ListItem","position":3,"name":"Chambre Sup\u00e9rieure Triple"}]},{"@type":"WebSite","@id":"https:\/\/www.hoteldebelfort.com\/fr\/#website","url":"https:\/\/www.hoteldebelfort.com\/fr\/","name":"Belfort Paris","description":"Un site utilisant ms.decms.eu","potentialAction":[{"@type":"SearchAction","target":{"@type":"EntryPoint","urlTemplate":"https:\/\/www.hoteldebelfort.com\/fr\/?s={search_term_string}"},"query-input":{"@type":"PropertyValueSpecification","valueRequired":true,"valueName":"search_term_string"}}],"inLanguage":"fr-FR"}]}},"acf":[],"_links":{"self":[{"href":"https:\/\/www.hoteldebelfort.com\/fr\/wp-json\/wp\/v2\/pages\/57","targetHints":{"allow":["GET"]}}],"collection":[{"href":"https:\/\/www.hoteldebelfort.com\/fr\/wp-json\/wp\/v2\/pages"}],"about":[{"href":"https:\/\/www.hoteldebelfort.com\/fr\/wp-json\/wp\/v2\/types\/page"}],"author":[{"embeddable":true,"href":"https:\/\/www.hoteldebelfort.com\/fr\/wp-json\/wp\/v2\/users\/475"}],"replies":[{"embeddable":true,"href":"https:\/\/www.hoteldebelfort.com\/fr\/wp-json\/wp\/v2\/comments?post=57"}],"version-history":[{"count":0,"href":"https:\/\/www.hoteldebelfort.com\/fr\/wp-json\/wp\/v2\/pages\/57\/revisions"}],"up":[{"embeddable":true,"href":"https:\/\/www.hoteldebelfort.com\/fr\/wp-json\/wp\/v2\/pages\/12"}],"wp:featuredmedia":[{"embeddable":true,"href":"https:\/\/www.hoteldebelfort.com\/fr\/wp-json\/wp\/v2\/media\/266"}],"wp:attachment":[{"href":"https:\/\/www.hoteldebelfort.com\/fr\/wp-json\/wp\/v2\/media?parent=57"}],"curies":[{"name":"wp","href":"https:\/\/api.w.org\/{rel}","templated":true}]}}