{"id":49,"date":"2022-08-28T22:57:10","date_gmt":"2022-08-28T20:57:10","guid":{"rendered":"https:\/\/belfort-paris.ms.decms.eu\/?page_id=49"},"modified":"2026-02-20T16:41:13","modified_gmt":"2026-02-20T15:41:13","slug":"superior-family-room","status":"publish","type":"page","link":"https:\/\/www.hoteldebelfort.com\/fr\/hotel-belforts-rooms\/superior-family-room\/","title":{"rendered":"Chambre familiale sup\u00e9rieure"},"content":{"rendered":"<p>Optez pour plus d&rsquo;espace dans une chambre familiale sup\u00e9rieure accueillante, avec notre d\u00e9cor vibrant distinctif et un lit suppl\u00e9mentaire pour faciliter le voyage avec les enfants. D\u00e9marrez la journ\u00e9e avec une douche puissante dans la salle de bains contemporaine et faites le plein d&rsquo;\u00e9nergie avec notre d\u00e9licieux petit d\u00e9jeuner continental. Si vous avez besoin d&rsquo;un peu de calme apr\u00e8s une journ\u00e9e de visites \u00e0 Paris, les plus jeunes pourront se divertir gr\u00e2ce au Wi-Fi gratuit et aux dessins anim\u00e9s diffus\u00e9s sur la t\u00e9l\u00e9vision.<\/p>\n","protected":false},"excerpt":{"rendered":"<p>Optez pour plus d&rsquo;espace dans une chambre familiale sup\u00e9rieure accueillante, avec notre d\u00e9cor vibrant distinctif et un lit suppl\u00e9mentaire pour faciliter le voyage avec les enfants. D\u00e9marrez la journ\u00e9e avec une douche puissante dans la salle de bains contemporaine et faites le plein d&rsquo;\u00e9nergie avec notre d\u00e9licieux petit d\u00e9jeuner continental. Si vous avez besoin d&rsquo;un [&hellip;]<\/p>\n","protected":false},"author":475,"featured_media":242,"parent":12,"menu_order":70,"comment_status":"closed","ping_status":"closed","template":"template-single-room.php","meta":{"footnotes":""},"class_list":["post-49","page","type-page","status-publish","has-post-thumbnail","hentry"],"yoast_head":"<!-- This site is optimized with the Yoast SEO plugin v26.9 - https:\/\/yoast.com\/product\/yoast-seo-wordpress\/ -->\n<title>Chambre Familiale Paris 11e Bastille | H\u00f4tel Belfort Paris<\/title>\n<meta name=\"description\" content=\"Chambre familiale spacieuse : 1 grand lit + lit enfant. Famille 3-4 personnes \u00e0 Paris 11e. Proche P\u00e8re-Lachaise et Atelier des Lumi\u00e8res.\" \/>\n<meta name=\"robots\" content=\"index, follow, max-snippet:-1, max-image-preview:large, max-video-preview:-1\" \/>\n<link rel=\"canonical\" href=\"https:\/\/www.hoteldebelfort.com\/fr\/hotel-belforts-rooms\/superior-family-room\/\" \/>\n<meta property=\"og:locale\" content=\"fr_FR\" \/>\n<meta property=\"og:type\" content=\"article\" \/>\n<meta property=\"og:title\" content=\"Chambre Familiale Paris 11e Bastille | H\u00f4tel Belfort Paris\" \/>\n<meta property=\"og:description\" content=\"Chambre familiale spacieuse : 1 grand lit + lit enfant. Famille 3-4 personnes \u00e0 Paris 11e. Proche P\u00e8re-Lachaise et Atelier des Lumi\u00e8res.\" \/>\n<meta property=\"og:url\" content=\"https:\/\/www.hoteldebelfort.com\/fr\/hotel-belforts-rooms\/superior-family-room\/\" \/>\n<meta property=\"og:site_name\" content=\"Belfort Paris\" \/>\n<meta property=\"article:modified_time\" content=\"2026-02-20T15:41:13+00:00\" \/>\n<meta property=\"og:image\" content=\"https:\/\/www.hoteldebelfort.com\/wp-content\/uploads\/sites\/480\/2025\/04\/501.jpg\" \/>\n\t<meta property=\"og:image:width\" content=\"1200\" \/>\n\t<meta property=\"og:image:height\" content=\"900\" \/>\n\t<meta property=\"og:image:type\" content=\"image\/jpeg\" \/>\n<meta name=\"twitter:card\" content=\"summary_large_image\" \/>\n<script type=\"application\/ld+json\" class=\"yoast-schema-graph\">{\"@context\":\"https:\/\/schema.org\",\"@graph\":[{\"@type\":\"WebPage\",\"@id\":\"https:\/\/www.hoteldebelfort.com\/fr\/hotel-belforts-rooms\/superior-family-room\/\",\"url\":\"https:\/\/www.hoteldebelfort.com\/fr\/hotel-belforts-rooms\/superior-family-room\/\",\"name\":\"Chambre Familiale Paris 11e Bastille | H\u00f4tel Belfort Paris\",\"isPartOf\":{\"@id\":\"https:\/\/www.hoteldebelfort.com\/fr\/#website\"},\"primaryImageOfPage\":{\"@id\":\"https:\/\/www.hoteldebelfort.com\/fr\/hotel-belforts-rooms\/superior-family-room\/#primaryimage\"},\"image\":{\"@id\":\"https:\/\/www.hoteldebelfort.com\/fr\/hotel-belforts-rooms\/superior-family-room\/#primaryimage\"},\"thumbnailUrl\":\"https:\/\/www.hoteldebelfort.com\/wp-content\/uploads\/sites\/480\/2025\/04\/501.jpg\",\"datePublished\":\"2022-08-28T20:57:10+00:00\",\"dateModified\":\"2026-02-20T15:41:13+00:00\",\"description\":\"Chambre familiale spacieuse : 1 grand lit + lit enfant. Famille 3-4 personnes \u00e0 Paris 11e. Proche P\u00e8re-Lachaise et Atelier des Lumi\u00e8res.\",\"breadcrumb\":{\"@id\":\"https:\/\/www.hoteldebelfort.com\/fr\/hotel-belforts-rooms\/superior-family-room\/#breadcrumb\"},\"inLanguage\":\"fr-FR\",\"potentialAction\":[{\"@type\":\"ReadAction\",\"target\":[\"https:\/\/www.hoteldebelfort.com\/fr\/hotel-belforts-rooms\/superior-family-room\/\"]}]},{\"@type\":\"ImageObject\",\"inLanguage\":\"fr-FR\",\"@id\":\"https:\/\/www.hoteldebelfort.com\/fr\/hotel-belforts-rooms\/superior-family-room\/#primaryimage\",\"url\":\"https:\/\/www.hoteldebelfort.com\/wp-content\/uploads\/sites\/480\/2025\/04\/501.jpg\",\"contentUrl\":\"https:\/\/www.hoteldebelfort.com\/wp-content\/uploads\/sites\/480\/2025\/04\/501.jpg\",\"width\":1200,\"height\":900},{\"@type\":\"BreadcrumbList\",\"@id\":\"https:\/\/www.hoteldebelfort.com\/fr\/hotel-belforts-rooms\/superior-family-room\/#breadcrumb\",\"itemListElement\":[{\"@type\":\"ListItem\",\"position\":1,\"name\":\"Accueil\",\"item\":\"https:\/\/www.hoteldebelfort.com\/fr\/\"},{\"@type\":\"ListItem\",\"position\":2,\"name\":\"Chambres de l&#8217;h\u00f4tel Belfort\",\"item\":\"https:\/\/www.hoteldebelfort.com\/fr\/hotel-belforts-rooms\/\"},{\"@type\":\"ListItem\",\"position\":3,\"name\":\"Chambre familiale sup\u00e9rieure\"}]},{\"@type\":\"WebSite\",\"@id\":\"https:\/\/www.hoteldebelfort.com\/fr\/#website\",\"url\":\"https:\/\/www.hoteldebelfort.com\/fr\/\",\"name\":\"Belfort Paris\",\"description\":\"Un site utilisant ms.decms.eu\",\"potentialAction\":[{\"@type\":\"SearchAction\",\"target\":{\"@type\":\"EntryPoint\",\"urlTemplate\":\"https:\/\/www.hoteldebelfort.com\/fr\/?s={search_term_string}\"},\"query-input\":{\"@type\":\"PropertyValueSpecification\",\"valueRequired\":true,\"valueName\":\"search_term_string\"}}],\"inLanguage\":\"fr-FR\"}]}<\/script>\n<!-- \/ Yoast SEO plugin. -->","yoast_head_json":{"title":"Chambre Familiale Paris 11e Bastille | H\u00f4tel Belfort Paris","description":"Chambre familiale spacieuse : 1 grand lit + lit enfant. Famille 3-4 personnes \u00e0 Paris 11e. Proche P\u00e8re-Lachaise et Atelier des Lumi\u00e8res.","robots":{"index":"index","follow":"follow","max-snippet":"max-snippet:-1","max-image-preview":"max-image-preview:large","max-video-preview":"max-video-preview:-1"},"canonical":"https:\/\/www.hoteldebelfort.com\/fr\/hotel-belforts-rooms\/superior-family-room\/","og_locale":"fr_FR","og_type":"article","og_title":"Chambre Familiale Paris 11e Bastille | H\u00f4tel Belfort Paris","og_description":"Chambre familiale spacieuse : 1 grand lit + lit enfant. Famille 3-4 personnes \u00e0 Paris 11e. Proche P\u00e8re-Lachaise et Atelier des Lumi\u00e8res.","og_url":"https:\/\/www.hoteldebelfort.com\/fr\/hotel-belforts-rooms\/superior-family-room\/","og_site_name":"Belfort Paris","article_modified_time":"2026-02-20T15:41:13+00:00","og_image":[{"width":1200,"height":900,"url":"https:\/\/www.hoteldebelfort.com\/wp-content\/uploads\/sites\/480\/2025\/04\/501.jpg","type":"image\/jpeg"}],"twitter_card":"summary_large_image","schema":{"@context":"https:\/\/schema.org","@graph":[{"@type":"WebPage","@id":"https:\/\/www.hoteldebelfort.com\/fr\/hotel-belforts-rooms\/superior-family-room\/","url":"https:\/\/www.hoteldebelfort.com\/fr\/hotel-belforts-rooms\/superior-family-room\/","name":"Chambre Familiale Paris 11e Bastille | H\u00f4tel Belfort Paris","isPartOf":{"@id":"https:\/\/www.hoteldebelfort.com\/fr\/#website"},"primaryImageOfPage":{"@id":"https:\/\/www.hoteldebelfort.com\/fr\/hotel-belforts-rooms\/superior-family-room\/#primaryimage"},"image":{"@id":"https:\/\/www.hoteldebelfort.com\/fr\/hotel-belforts-rooms\/superior-family-room\/#primaryimage"},"thumbnailUrl":"https:\/\/www.hoteldebelfort.com\/wp-content\/uploads\/sites\/480\/2025\/04\/501.jpg","datePublished":"2022-08-28T20:57:10+00:00","dateModified":"2026-02-20T15:41:13+00:00","description":"Chambre familiale spacieuse : 1 grand lit + lit enfant. Famille 3-4 personnes \u00e0 Paris 11e. Proche P\u00e8re-Lachaise et Atelier des Lumi\u00e8res.","breadcrumb":{"@id":"https:\/\/www.hoteldebelfort.com\/fr\/hotel-belforts-rooms\/superior-family-room\/#breadcrumb"},"inLanguage":"fr-FR","potentialAction":[{"@type":"ReadAction","target":["https:\/\/www.hoteldebelfort.com\/fr\/hotel-belforts-rooms\/superior-family-room\/"]}]},{"@type":"ImageObject","inLanguage":"fr-FR","@id":"https:\/\/www.hoteldebelfort.com\/fr\/hotel-belforts-rooms\/superior-family-room\/#primaryimage","url":"https:\/\/www.hoteldebelfort.com\/wp-content\/uploads\/sites\/480\/2025\/04\/501.jpg","contentUrl":"https:\/\/www.hoteldebelfort.com\/wp-content\/uploads\/sites\/480\/2025\/04\/501.jpg","width":1200,"height":900},{"@type":"BreadcrumbList","@id":"https:\/\/www.hoteldebelfort.com\/fr\/hotel-belforts-rooms\/superior-family-room\/#breadcrumb","itemListElement":[{"@type":"ListItem","position":1,"name":"Accueil","item":"https:\/\/www.hoteldebelfort.com\/fr\/"},{"@type":"ListItem","position":2,"name":"Chambres de l&#8217;h\u00f4tel Belfort","item":"https:\/\/www.hoteldebelfort.com\/fr\/hotel-belforts-rooms\/"},{"@type":"ListItem","position":3,"name":"Chambre familiale sup\u00e9rieure"}]},{"@type":"WebSite","@id":"https:\/\/www.hoteldebelfort.com\/fr\/#website","url":"https:\/\/www.hoteldebelfort.com\/fr\/","name":"Belfort Paris","description":"Un site utilisant ms.decms.eu","potentialAction":[{"@type":"SearchAction","target":{"@type":"EntryPoint","urlTemplate":"https:\/\/www.hoteldebelfort.com\/fr\/?s={search_term_string}"},"query-input":{"@type":"PropertyValueSpecification","valueRequired":true,"valueName":"search_term_string"}}],"inLanguage":"fr-FR"}]}},"acf":[],"_links":{"self":[{"href":"https:\/\/www.hoteldebelfort.com\/fr\/wp-json\/wp\/v2\/pages\/49","targetHints":{"allow":["GET"]}}],"collection":[{"href":"https:\/\/www.hoteldebelfort.com\/fr\/wp-json\/wp\/v2\/pages"}],"about":[{"href":"https:\/\/www.hoteldebelfort.com\/fr\/wp-json\/wp\/v2\/types\/page"}],"author":[{"embeddable":true,"href":"https:\/\/www.hoteldebelfort.com\/fr\/wp-json\/wp\/v2\/users\/475"}],"replies":[{"embeddable":true,"href":"https:\/\/www.hoteldebelfort.com\/fr\/wp-json\/wp\/v2\/comments?post=49"}],"version-history":[{"count":0,"href":"https:\/\/www.hoteldebelfort.com\/fr\/wp-json\/wp\/v2\/pages\/49\/revisions"}],"up":[{"embeddable":true,"href":"https:\/\/www.hoteldebelfort.com\/fr\/wp-json\/wp\/v2\/pages\/12"}],"wp:featuredmedia":[{"embeddable":true,"href":"https:\/\/www.hoteldebelfort.com\/fr\/wp-json\/wp\/v2\/media\/242"}],"wp:attachment":[{"href":"https:\/\/www.hoteldebelfort.com\/fr\/wp-json\/wp\/v2\/media?parent=49"}],"curies":[{"name":"wp","href":"https:\/\/api.w.org\/{rel}","templated":true}]}}