{"id":4,"date":"2022-08-11T17:46:36","date_gmt":"2022-08-11T15:46:36","guid":{"rendered":"https:\/\/belfort-paris.ms.decms.eu\/?page_id=4"},"modified":"2026-02-20T15:49:54","modified_gmt":"2026-02-20T14:49:54","slug":"hotel-belfort","status":"publish","type":"page","link":"https:\/\/www.hoteldebelfort.com\/fr\/","title":{"rendered":"H\u00f4tel Familial Belfort"},"content":{"rendered":"<p>Que vous soyez en voyage d&rsquo;affaires,\u00a0 d&rsquo;agr\u00e9ment,\u00a0 et que vous appr\u00e9cierez l&rsquo;ambiance agr\u00e9able, l&rsquo;accueil chaleureux, le confort moderne, service t\u00e9l\u00e9phonique , r\u00e9veil sur demande, douche, W.C, T.V. Couleur,\u00a0 c&rsquo;est ce que vous offre l&rsquo;h\u00f4tel de Belfort .\u00a0 En moins de 10 minutes de marche, vous pouvez assister \u00e0 des expositions d&rsquo;art immersives \u00e0 l&rsquo;Atelier des Lumi\u00e8res ou d\u00e9couvrir la tombe de Jim Morrison au cimeti\u00e8re du P\u00e8re-Lachaise. \u00c0 20 minutes de marche, vous trouverez des clubs et des bars branch\u00e9s \u00e0 Bastille ou des boutiques ind\u00e9pendantes dans le Marais.<\/p>\n<p>Nos chambres con\u00e7ues individuellement, avec un d\u00e9cor vibrant et des salles de bains contemporaines, ont toutes une vue sur les toits de la ville ou sur notre cour verdoyante. Commencez la journ\u00e9e en beaut\u00e9 avec un petit d\u00e9jeuner continental dans la salle de petit d\u00e9jeuner, ou organisez des r\u00e9unions informelles avec vos coll\u00e8gues dans le salon d\u00e9contract\u00e9. La r\u00e9ception est ouverte 24 heures sur 24, 7 jours sur 7. Vous trouverez donc toujours un visage amical pour vous aider \u00e0 r\u00e9pondre \u00e0 vos demandes ou \u00e0 vos questions.<\/p>\n","protected":false},"excerpt":{"rendered":"<p>Que vous soyez en voyage d&rsquo;affaires,\u00a0 d&rsquo;agr\u00e9ment,\u00a0 et que vous appr\u00e9cierez l&rsquo;ambiance agr\u00e9able, l&rsquo;accueil chaleureux, le confort moderne, service t\u00e9l\u00e9phonique , r\u00e9veil sur demande, douche, W.C, T.V. Couleur,\u00a0 c&rsquo;est ce que vous offre l&rsquo;h\u00f4tel de Belfort .\u00a0 En moins de 10 minutes de marche, vous pouvez assister \u00e0 des expositions d&rsquo;art immersives \u00e0 l&rsquo;Atelier des [&hellip;]<\/p>\n","protected":false},"author":15,"featured_media":0,"parent":0,"menu_order":0,"comment_status":"closed","ping_status":"closed","template":"","meta":{"footnotes":""},"class_list":["post-4","page","type-page","status-publish","hentry"],"yoast_head":"<!-- This site is optimized with the Yoast SEO plugin v26.9 - https:\/\/yoast.com\/product\/yoast-seo-wordpress\/ -->\n<title>H\u00f4tel Paris 11e - Bastille &amp; P\u00e8re-Lachaise | H\u00f4tel Belfort Paris<\/title>\n<meta name=\"description\" content=\"H\u00f4tel 3 \u00e9toiles \u00e0 Paris 11e, \u00e0 10 min de Bastille et P\u00e8re-Lachaise. Chambres confortables, petit-d\u00e9jeuner buffet, WiFi gratuit. R\u00e9servez au meilleur prix !\" \/>\n<meta name=\"robots\" content=\"index, follow, max-snippet:-1, max-image-preview:large, max-video-preview:-1\" \/>\n<link rel=\"canonical\" href=\"https:\/\/www.hoteldebelfort.com\/fr\/\" \/>\n<meta property=\"og:locale\" content=\"fr_FR\" \/>\n<meta property=\"og:type\" content=\"article\" \/>\n<meta property=\"og:title\" content=\"H\u00f4tel Paris 11e - Bastille &amp; P\u00e8re-Lachaise | H\u00f4tel Belfort Paris\" \/>\n<meta property=\"og:description\" content=\"H\u00f4tel 3 \u00e9toiles \u00e0 Paris 11e, \u00e0 10 min de Bastille et P\u00e8re-Lachaise. Chambres confortables, petit-d\u00e9jeuner buffet, WiFi gratuit. R\u00e9servez au meilleur prix !\" \/>\n<meta property=\"og:url\" content=\"https:\/\/www.hoteldebelfort.com\/fr\/\" \/>\n<meta property=\"og:site_name\" content=\"Belfort Paris\" \/>\n<meta property=\"article:modified_time\" content=\"2026-02-20T14:49:54+00:00\" \/>\n<meta name=\"twitter:card\" content=\"summary_large_image\" \/>\n<meta name=\"twitter:label1\" content=\"Dur\u00e9e de lecture estim\u00e9e\" \/>\n\t<meta name=\"twitter:data1\" content=\"1 minute\" \/>\n<script type=\"application\/ld+json\" class=\"yoast-schema-graph\">{\"@context\":\"https:\/\/schema.org\",\"@graph\":[{\"@type\":\"WebPage\",\"@id\":\"https:\/\/www.hoteldebelfort.com\/fr\/\",\"url\":\"https:\/\/www.hoteldebelfort.com\/fr\/\",\"name\":\"H\u00f4tel Paris 11e - Bastille & P\u00e8re-Lachaise | H\u00f4tel Belfort Paris\",\"isPartOf\":{\"@id\":\"https:\/\/www.hoteldebelfort.com\/fr\/#website\"},\"datePublished\":\"2022-08-11T15:46:36+00:00\",\"dateModified\":\"2026-02-20T14:49:54+00:00\",\"description\":\"H\u00f4tel 3 \u00e9toiles \u00e0 Paris 11e, \u00e0 10 min de Bastille et P\u00e8re-Lachaise. Chambres confortables, petit-d\u00e9jeuner buffet, WiFi gratuit. R\u00e9servez au meilleur prix !\",\"breadcrumb\":{\"@id\":\"https:\/\/www.hoteldebelfort.com\/fr\/#breadcrumb\"},\"inLanguage\":\"fr-FR\",\"potentialAction\":[{\"@type\":\"ReadAction\",\"target\":[\"https:\/\/www.hoteldebelfort.com\/fr\/\"]}]},{\"@type\":\"BreadcrumbList\",\"@id\":\"https:\/\/www.hoteldebelfort.com\/fr\/#breadcrumb\",\"itemListElement\":[{\"@type\":\"ListItem\",\"position\":1,\"name\":\"Accueil\",\"item\":\"https:\/\/www.hoteldebelfort.com\/fr\/\"},{\"@type\":\"ListItem\",\"position\":2,\"name\":\"H\u00f4tel Familial Belfort\"}]},{\"@type\":\"WebSite\",\"@id\":\"https:\/\/www.hoteldebelfort.com\/fr\/#website\",\"url\":\"https:\/\/www.hoteldebelfort.com\/fr\/\",\"name\":\"Belfort Paris\",\"description\":\"Un site utilisant ms.decms.eu\",\"potentialAction\":[{\"@type\":\"SearchAction\",\"target\":{\"@type\":\"EntryPoint\",\"urlTemplate\":\"https:\/\/www.hoteldebelfort.com\/fr\/?s={search_term_string}\"},\"query-input\":{\"@type\":\"PropertyValueSpecification\",\"valueRequired\":true,\"valueName\":\"search_term_string\"}}],\"inLanguage\":\"fr-FR\"}]}<\/script>\n<!-- \/ Yoast SEO plugin. -->","yoast_head_json":{"title":"H\u00f4tel Paris 11e - Bastille & P\u00e8re-Lachaise | H\u00f4tel Belfort Paris","description":"H\u00f4tel 3 \u00e9toiles \u00e0 Paris 11e, \u00e0 10 min de Bastille et P\u00e8re-Lachaise. Chambres confortables, petit-d\u00e9jeuner buffet, WiFi gratuit. R\u00e9servez au meilleur prix !","robots":{"index":"index","follow":"follow","max-snippet":"max-snippet:-1","max-image-preview":"max-image-preview:large","max-video-preview":"max-video-preview:-1"},"canonical":"https:\/\/www.hoteldebelfort.com\/fr\/","og_locale":"fr_FR","og_type":"article","og_title":"H\u00f4tel Paris 11e - Bastille & P\u00e8re-Lachaise | H\u00f4tel Belfort Paris","og_description":"H\u00f4tel 3 \u00e9toiles \u00e0 Paris 11e, \u00e0 10 min de Bastille et P\u00e8re-Lachaise. Chambres confortables, petit-d\u00e9jeuner buffet, WiFi gratuit. R\u00e9servez au meilleur prix !","og_url":"https:\/\/www.hoteldebelfort.com\/fr\/","og_site_name":"Belfort Paris","article_modified_time":"2026-02-20T14:49:54+00:00","twitter_card":"summary_large_image","twitter_misc":{"Dur\u00e9e de lecture estim\u00e9e":"1 minute"},"schema":{"@context":"https:\/\/schema.org","@graph":[{"@type":"WebPage","@id":"https:\/\/www.hoteldebelfort.com\/fr\/","url":"https:\/\/www.hoteldebelfort.com\/fr\/","name":"H\u00f4tel Paris 11e - Bastille & P\u00e8re-Lachaise | H\u00f4tel Belfort Paris","isPartOf":{"@id":"https:\/\/www.hoteldebelfort.com\/fr\/#website"},"datePublished":"2022-08-11T15:46:36+00:00","dateModified":"2026-02-20T14:49:54+00:00","description":"H\u00f4tel 3 \u00e9toiles \u00e0 Paris 11e, \u00e0 10 min de Bastille et P\u00e8re-Lachaise. Chambres confortables, petit-d\u00e9jeuner buffet, WiFi gratuit. R\u00e9servez au meilleur prix !","breadcrumb":{"@id":"https:\/\/www.hoteldebelfort.com\/fr\/#breadcrumb"},"inLanguage":"fr-FR","potentialAction":[{"@type":"ReadAction","target":["https:\/\/www.hoteldebelfort.com\/fr\/"]}]},{"@type":"BreadcrumbList","@id":"https:\/\/www.hoteldebelfort.com\/fr\/#breadcrumb","itemListElement":[{"@type":"ListItem","position":1,"name":"Accueil","item":"https:\/\/www.hoteldebelfort.com\/fr\/"},{"@type":"ListItem","position":2,"name":"H\u00f4tel Familial Belfort"}]},{"@type":"WebSite","@id":"https:\/\/www.hoteldebelfort.com\/fr\/#website","url":"https:\/\/www.hoteldebelfort.com\/fr\/","name":"Belfort Paris","description":"Un site utilisant ms.decms.eu","potentialAction":[{"@type":"SearchAction","target":{"@type":"EntryPoint","urlTemplate":"https:\/\/www.hoteldebelfort.com\/fr\/?s={search_term_string}"},"query-input":{"@type":"PropertyValueSpecification","valueRequired":true,"valueName":"search_term_string"}}],"inLanguage":"fr-FR"}]}},"acf":[],"_links":{"self":[{"href":"https:\/\/www.hoteldebelfort.com\/fr\/wp-json\/wp\/v2\/pages\/4","targetHints":{"allow":["GET"]}}],"collection":[{"href":"https:\/\/www.hoteldebelfort.com\/fr\/wp-json\/wp\/v2\/pages"}],"about":[{"href":"https:\/\/www.hoteldebelfort.com\/fr\/wp-json\/wp\/v2\/types\/page"}],"author":[{"embeddable":true,"href":"https:\/\/www.hoteldebelfort.com\/fr\/wp-json\/wp\/v2\/users\/15"}],"replies":[{"embeddable":true,"href":"https:\/\/www.hoteldebelfort.com\/fr\/wp-json\/wp\/v2\/comments?post=4"}],"version-history":[{"count":0,"href":"https:\/\/www.hoteldebelfort.com\/fr\/wp-json\/wp\/v2\/pages\/4\/revisions"}],"wp:attachment":[{"href":"https:\/\/www.hoteldebelfort.com\/fr\/wp-json\/wp\/v2\/media?parent=4"}],"curies":[{"name":"wp","href":"https:\/\/api.w.org\/{rel}","templated":true}]}}