{"id":36,"date":"2022-08-28T22:32:17","date_gmt":"2022-08-28T20:32:17","guid":{"rendered":"https:\/\/belfort-paris.ms.decms.eu\/?page_id=36"},"modified":"2026-02-20T16:33:54","modified_gmt":"2026-02-20T15:33:54","slug":"standard-double-room","status":"publish","type":"page","link":"https:\/\/www.hoteldebelfort.com\/fr\/hotel-belforts-rooms\/standard-double-room\/","title":{"rendered":"Chambre Double Standard"},"content":{"rendered":"<p>Id\u00e9ales pour une escapade touristique en couple ou un week-end romantique, les chambres doubles standard sont toutes situ\u00e9es dans les \u00e9tages sup\u00e9rieurs de l&rsquo;h\u00f4tel, accessibles par ascenseur et offrant des vues sur les toits de Paris. Chacune dispose d&rsquo;une connexion Wi-Fi gratuite et d&rsquo;un bureau pour planifier l&rsquo;itin\u00e9raire de la journ\u00e9e, ainsi que de la t\u00e9l\u00e9vision par satellite avec des cha\u00eenes internationales et de douches rafra\u00eechissantes dans des salles de bains fra\u00eeches et modernes, pour que vous puissiez profiter de votre temps libre en toute tranquillit\u00e9.<\/p>\n","protected":false},"excerpt":{"rendered":"<p>Id\u00e9ales pour une escapade touristique en couple ou un week-end romantique, les chambres doubles standard sont toutes situ\u00e9es dans les \u00e9tages sup\u00e9rieurs de l&rsquo;h\u00f4tel, accessibles par ascenseur et offrant des vues sur les toits de Paris. Chacune dispose d&rsquo;une connexion Wi-Fi gratuite et d&rsquo;un bureau pour planifier l&rsquo;itin\u00e9raire de la journ\u00e9e, ainsi que de la [&hellip;]<\/p>\n","protected":false},"author":475,"featured_media":240,"parent":12,"menu_order":10,"comment_status":"closed","ping_status":"closed","template":"template-single-room.php","meta":{"footnotes":""},"class_list":["post-36","page","type-page","status-publish","has-post-thumbnail","hentry"],"yoast_head":"<!-- This site is optimized with the Yoast SEO plugin v26.9 - https:\/\/yoast.com\/product\/yoast-seo-wordpress\/ -->\n<title>Chambre Double Standard Paris 11e | H\u00f4tel Belfort Paris<\/title>\n<meta name=\"description\" content=\"Chambre double confortable \u00e0 Paris 11e. Lit double 140x190, climatisation, WiFi gratuit. S\u00e9jour id\u00e9al pr\u00e8s de Bastille et R\u00e9publique.\" \/>\n<meta name=\"robots\" content=\"index, follow, max-snippet:-1, max-image-preview:large, max-video-preview:-1\" \/>\n<link rel=\"canonical\" href=\"https:\/\/www.hoteldebelfort.com\/fr\/hotel-belforts-rooms\/standard-double-room\/\" \/>\n<meta property=\"og:locale\" content=\"fr_FR\" \/>\n<meta property=\"og:type\" content=\"article\" \/>\n<meta property=\"og:title\" content=\"Chambre Double Standard Paris 11e | H\u00f4tel Belfort Paris\" \/>\n<meta property=\"og:description\" content=\"Chambre double confortable \u00e0 Paris 11e. Lit double 140x190, climatisation, WiFi gratuit. S\u00e9jour id\u00e9al pr\u00e8s de Bastille et R\u00e9publique.\" \/>\n<meta property=\"og:url\" content=\"https:\/\/www.hoteldebelfort.com\/fr\/hotel-belforts-rooms\/standard-double-room\/\" \/>\n<meta property=\"og:site_name\" content=\"Belfort Paris\" \/>\n<meta property=\"article:modified_time\" content=\"2026-02-20T15:33:54+00:00\" \/>\n<meta property=\"og:image\" content=\"https:\/\/www.hoteldebelfort.com\/wp-content\/uploads\/sites\/480\/2024\/11\/104.jpg\" \/>\n\t<meta property=\"og:image:width\" content=\"1200\" \/>\n\t<meta property=\"og:image:height\" content=\"900\" \/>\n\t<meta property=\"og:image:type\" content=\"image\/jpeg\" \/>\n<meta name=\"twitter:card\" content=\"summary_large_image\" \/>\n<script type=\"application\/ld+json\" class=\"yoast-schema-graph\">{\"@context\":\"https:\/\/schema.org\",\"@graph\":[{\"@type\":\"WebPage\",\"@id\":\"https:\/\/www.hoteldebelfort.com\/fr\/hotel-belforts-rooms\/standard-double-room\/\",\"url\":\"https:\/\/www.hoteldebelfort.com\/fr\/hotel-belforts-rooms\/standard-double-room\/\",\"name\":\"Chambre Double Standard Paris 11e | H\u00f4tel Belfort Paris\",\"isPartOf\":{\"@id\":\"https:\/\/www.hoteldebelfort.com\/fr\/#website\"},\"primaryImageOfPage\":{\"@id\":\"https:\/\/www.hoteldebelfort.com\/fr\/hotel-belforts-rooms\/standard-double-room\/#primaryimage\"},\"image\":{\"@id\":\"https:\/\/www.hoteldebelfort.com\/fr\/hotel-belforts-rooms\/standard-double-room\/#primaryimage\"},\"thumbnailUrl\":\"https:\/\/www.hoteldebelfort.com\/wp-content\/uploads\/sites\/480\/2024\/11\/104.jpg\",\"datePublished\":\"2022-08-28T20:32:17+00:00\",\"dateModified\":\"2026-02-20T15:33:54+00:00\",\"description\":\"Chambre double confortable \u00e0 Paris 11e. Lit double 140x190, climatisation, WiFi gratuit. S\u00e9jour id\u00e9al pr\u00e8s de Bastille et R\u00e9publique.\",\"breadcrumb\":{\"@id\":\"https:\/\/www.hoteldebelfort.com\/fr\/hotel-belforts-rooms\/standard-double-room\/#breadcrumb\"},\"inLanguage\":\"fr-FR\",\"potentialAction\":[{\"@type\":\"ReadAction\",\"target\":[\"https:\/\/www.hoteldebelfort.com\/fr\/hotel-belforts-rooms\/standard-double-room\/\"]}]},{\"@type\":\"ImageObject\",\"inLanguage\":\"fr-FR\",\"@id\":\"https:\/\/www.hoteldebelfort.com\/fr\/hotel-belforts-rooms\/standard-double-room\/#primaryimage\",\"url\":\"https:\/\/www.hoteldebelfort.com\/wp-content\/uploads\/sites\/480\/2024\/11\/104.jpg\",\"contentUrl\":\"https:\/\/www.hoteldebelfort.com\/wp-content\/uploads\/sites\/480\/2024\/11\/104.jpg\",\"width\":1200,\"height\":900},{\"@type\":\"BreadcrumbList\",\"@id\":\"https:\/\/www.hoteldebelfort.com\/fr\/hotel-belforts-rooms\/standard-double-room\/#breadcrumb\",\"itemListElement\":[{\"@type\":\"ListItem\",\"position\":1,\"name\":\"Accueil\",\"item\":\"https:\/\/www.hoteldebelfort.com\/fr\/\"},{\"@type\":\"ListItem\",\"position\":2,\"name\":\"Chambres de l&#8217;h\u00f4tel Belfort\",\"item\":\"https:\/\/www.hoteldebelfort.com\/fr\/hotel-belforts-rooms\/\"},{\"@type\":\"ListItem\",\"position\":3,\"name\":\"Chambre Double Standard\"}]},{\"@type\":\"WebSite\",\"@id\":\"https:\/\/www.hoteldebelfort.com\/fr\/#website\",\"url\":\"https:\/\/www.hoteldebelfort.com\/fr\/\",\"name\":\"Belfort Paris\",\"description\":\"Un site utilisant ms.decms.eu\",\"potentialAction\":[{\"@type\":\"SearchAction\",\"target\":{\"@type\":\"EntryPoint\",\"urlTemplate\":\"https:\/\/www.hoteldebelfort.com\/fr\/?s={search_term_string}\"},\"query-input\":{\"@type\":\"PropertyValueSpecification\",\"valueRequired\":true,\"valueName\":\"search_term_string\"}}],\"inLanguage\":\"fr-FR\"}]}<\/script>\n<!-- \/ Yoast SEO plugin. -->","yoast_head_json":{"title":"Chambre Double Standard Paris 11e | H\u00f4tel Belfort Paris","description":"Chambre double confortable \u00e0 Paris 11e. Lit double 140x190, climatisation, WiFi gratuit. S\u00e9jour id\u00e9al pr\u00e8s de Bastille et R\u00e9publique.","robots":{"index":"index","follow":"follow","max-snippet":"max-snippet:-1","max-image-preview":"max-image-preview:large","max-video-preview":"max-video-preview:-1"},"canonical":"https:\/\/www.hoteldebelfort.com\/fr\/hotel-belforts-rooms\/standard-double-room\/","og_locale":"fr_FR","og_type":"article","og_title":"Chambre Double Standard Paris 11e | H\u00f4tel Belfort Paris","og_description":"Chambre double confortable \u00e0 Paris 11e. Lit double 140x190, climatisation, WiFi gratuit. S\u00e9jour id\u00e9al pr\u00e8s de Bastille et R\u00e9publique.","og_url":"https:\/\/www.hoteldebelfort.com\/fr\/hotel-belforts-rooms\/standard-double-room\/","og_site_name":"Belfort Paris","article_modified_time":"2026-02-20T15:33:54+00:00","og_image":[{"width":1200,"height":900,"url":"https:\/\/www.hoteldebelfort.com\/wp-content\/uploads\/sites\/480\/2024\/11\/104.jpg","type":"image\/jpeg"}],"twitter_card":"summary_large_image","schema":{"@context":"https:\/\/schema.org","@graph":[{"@type":"WebPage","@id":"https:\/\/www.hoteldebelfort.com\/fr\/hotel-belforts-rooms\/standard-double-room\/","url":"https:\/\/www.hoteldebelfort.com\/fr\/hotel-belforts-rooms\/standard-double-room\/","name":"Chambre Double Standard Paris 11e | H\u00f4tel Belfort Paris","isPartOf":{"@id":"https:\/\/www.hoteldebelfort.com\/fr\/#website"},"primaryImageOfPage":{"@id":"https:\/\/www.hoteldebelfort.com\/fr\/hotel-belforts-rooms\/standard-double-room\/#primaryimage"},"image":{"@id":"https:\/\/www.hoteldebelfort.com\/fr\/hotel-belforts-rooms\/standard-double-room\/#primaryimage"},"thumbnailUrl":"https:\/\/www.hoteldebelfort.com\/wp-content\/uploads\/sites\/480\/2024\/11\/104.jpg","datePublished":"2022-08-28T20:32:17+00:00","dateModified":"2026-02-20T15:33:54+00:00","description":"Chambre double confortable \u00e0 Paris 11e. Lit double 140x190, climatisation, WiFi gratuit. S\u00e9jour id\u00e9al pr\u00e8s de Bastille et R\u00e9publique.","breadcrumb":{"@id":"https:\/\/www.hoteldebelfort.com\/fr\/hotel-belforts-rooms\/standard-double-room\/#breadcrumb"},"inLanguage":"fr-FR","potentialAction":[{"@type":"ReadAction","target":["https:\/\/www.hoteldebelfort.com\/fr\/hotel-belforts-rooms\/standard-double-room\/"]}]},{"@type":"ImageObject","inLanguage":"fr-FR","@id":"https:\/\/www.hoteldebelfort.com\/fr\/hotel-belforts-rooms\/standard-double-room\/#primaryimage","url":"https:\/\/www.hoteldebelfort.com\/wp-content\/uploads\/sites\/480\/2024\/11\/104.jpg","contentUrl":"https:\/\/www.hoteldebelfort.com\/wp-content\/uploads\/sites\/480\/2024\/11\/104.jpg","width":1200,"height":900},{"@type":"BreadcrumbList","@id":"https:\/\/www.hoteldebelfort.com\/fr\/hotel-belforts-rooms\/standard-double-room\/#breadcrumb","itemListElement":[{"@type":"ListItem","position":1,"name":"Accueil","item":"https:\/\/www.hoteldebelfort.com\/fr\/"},{"@type":"ListItem","position":2,"name":"Chambres de l&#8217;h\u00f4tel Belfort","item":"https:\/\/www.hoteldebelfort.com\/fr\/hotel-belforts-rooms\/"},{"@type":"ListItem","position":3,"name":"Chambre Double Standard"}]},{"@type":"WebSite","@id":"https:\/\/www.hoteldebelfort.com\/fr\/#website","url":"https:\/\/www.hoteldebelfort.com\/fr\/","name":"Belfort Paris","description":"Un site utilisant ms.decms.eu","potentialAction":[{"@type":"SearchAction","target":{"@type":"EntryPoint","urlTemplate":"https:\/\/www.hoteldebelfort.com\/fr\/?s={search_term_string}"},"query-input":{"@type":"PropertyValueSpecification","valueRequired":true,"valueName":"search_term_string"}}],"inLanguage":"fr-FR"}]}},"acf":[],"_links":{"self":[{"href":"https:\/\/www.hoteldebelfort.com\/fr\/wp-json\/wp\/v2\/pages\/36","targetHints":{"allow":["GET"]}}],"collection":[{"href":"https:\/\/www.hoteldebelfort.com\/fr\/wp-json\/wp\/v2\/pages"}],"about":[{"href":"https:\/\/www.hoteldebelfort.com\/fr\/wp-json\/wp\/v2\/types\/page"}],"author":[{"embeddable":true,"href":"https:\/\/www.hoteldebelfort.com\/fr\/wp-json\/wp\/v2\/users\/475"}],"replies":[{"embeddable":true,"href":"https:\/\/www.hoteldebelfort.com\/fr\/wp-json\/wp\/v2\/comments?post=36"}],"version-history":[{"count":0,"href":"https:\/\/www.hoteldebelfort.com\/fr\/wp-json\/wp\/v2\/pages\/36\/revisions"}],"up":[{"embeddable":true,"href":"https:\/\/www.hoteldebelfort.com\/fr\/wp-json\/wp\/v2\/pages\/12"}],"wp:featuredmedia":[{"embeddable":true,"href":"https:\/\/www.hoteldebelfort.com\/fr\/wp-json\/wp\/v2\/media\/240"}],"wp:attachment":[{"href":"https:\/\/www.hoteldebelfort.com\/fr\/wp-json\/wp\/v2\/media?parent=36"}],"curies":[{"name":"wp","href":"https:\/\/api.w.org\/{rel}","templated":true}]}}