{"id":297,"date":"2025-12-16T16:22:13","date_gmt":"2025-12-16T15:22:13","guid":{"rendered":"https:\/\/www.hoteldebelfort.com\/?page_id=297"},"modified":"2026-02-20T16:45:40","modified_gmt":"2026-02-20T15:45:40","slug":"conditions-generales-de-vente","status":"publish","type":"page","link":"https:\/\/www.hoteldebelfort.com\/fr\/hotel-belfort\/conditions-generales-de-vente\/","title":{"rendered":"CONDITIONS G\u00c9N\u00c9RALES DE VENTE"},"content":{"rendered":"<h2 data-start=\"656\" data-end=\"699\"><strong data-start=\"659\" data-end=\"699\">1. IDENTIFICATION DE L\u2019\u00c9TABLISSEMENT<\/strong><\/h2>\n<p data-start=\"701\" data-end=\"873\">H\u00f4tel de Belfort<br data-start=\"717\" data-end=\"720\" \/>22 rue de Belfort, 75011 Paris \u2013 France<br data-start=\"758\" data-end=\"761\" \/>T\u00e9l\u00e9phone : +33 (0)1 43 79 24 14<br data-start=\"793\" data-end=\"796\" \/>Email : hotelbelfort@yahoo.fr<br data-start=\"830\" data-end=\"833\" \/>Site internet : <a class=\"decorated-link cursor-pointer\" target=\"_new\" rel=\"noopener\" data-start=\"849\" data-end=\"871\">www.hoteldebelfort.com<\/a><\/p>\n<hr data-start=\"907\" data-end=\"910\" \/>\n<h2 data-start=\"912\" data-end=\"931\"><strong data-start=\"915\" data-end=\"931\">2. PR\u00c9AMBULE<\/strong><\/h2>\n<p data-start=\"933\" data-end=\"1186\">Les pr\u00e9sentes Conditions G\u00e9n\u00e9rales de Vente (ci-apr\u00e8s les \u00ab CGV \u00bb) ont pour objet de d\u00e9finir les modalit\u00e9s et conditions dans lesquelles l\u2019H\u00f4tel propose \u00e0 ses clients (ci-apr\u00e8s le \u00ab Client \u00bb) la r\u00e9servation et la fourniture de prestations d\u2019h\u00e9bergement.<\/p>\n<p data-start=\"1188\" data-end=\"1264\">Toute r\u00e9servation implique l\u2019acceptation <strong data-start=\"1229\" data-end=\"1245\">sans r\u00e9serve<\/strong> des pr\u00e9sentes CGV.<\/p>\n<p data-start=\"1266\" data-end=\"1285\">Le Client d\u00e9clare :<\/p>\n<ul data-start=\"1286\" data-end=\"1396\">\n<li data-start=\"1286\" data-end=\"1317\">\n<p data-start=\"1288\" data-end=\"1317\">agir \u00e0 des fins personnelles,<\/p>\n<\/li>\n<li data-start=\"1318\" data-end=\"1332\">\n<p data-start=\"1320\" data-end=\"1332\">\u00eatre majeur,<\/p>\n<\/li>\n<li data-start=\"1333\" data-end=\"1396\">\n<p data-start=\"1335\" data-end=\"1396\">disposer de la capacit\u00e9 juridique n\u00e9cessaire pour contracter.<\/p>\n<\/li>\n<\/ul>\n<p data-start=\"1398\" data-end=\"1469\">Les CGV applicables sont celles en vigueur \u00e0 la date de la r\u00e9servation.<\/p>\n<hr data-start=\"1471\" data-end=\"1474\" \/>\n<h2 data-start=\"1476\" data-end=\"1513\"><strong data-start=\"1479\" data-end=\"1513\">3. DESCRIPTION DES PRESTATIONS<\/strong><\/h2>\n<p data-start=\"1515\" data-end=\"1546\">L\u2019H\u00f4tel propose exclusivement :<\/p>\n<ul data-start=\"1547\" data-end=\"1655\">\n<li data-start=\"1547\" data-end=\"1592\">\n<p data-start=\"1549\" data-end=\"1592\">des <strong data-start=\"1553\" data-end=\"1591\">prestations d\u2019h\u00e9bergement h\u00f4telier<\/strong>,<\/p>\n<\/li>\n<li data-start=\"1593\" data-end=\"1655\">\n<p data-start=\"1595\" data-end=\"1655\">avec ou sans options selon les offres (ex : petit-d\u00e9jeuner).<\/p>\n<\/li>\n<\/ul>\n<p data-start=\"1657\" data-end=\"1823\">Les caract\u00e9ristiques essentielles des chambres, les tarifs, les dates de disponibilit\u00e9 et les conditions applicables sont pr\u00e9sent\u00e9es lors du processus de r\u00e9servation.<\/p>\n<hr data-start=\"1825\" data-end=\"1828\" \/>\n<h2 data-start=\"1830\" data-end=\"1864\"><strong data-start=\"1833\" data-end=\"1864\">4. PROCESSUS DE R\u00c9SERVATION<\/strong><\/h2>\n<p data-start=\"1866\" data-end=\"1902\">La r\u00e9servation peut \u00eatre effectu\u00e9e :<\/p>\n<ul data-start=\"1903\" data-end=\"1967\">\n<li data-start=\"1903\" data-end=\"1937\">\n<p data-start=\"1905\" data-end=\"1937\">via le site internet de l\u2019H\u00f4tel,<\/p>\n<\/li>\n<li data-start=\"1938\" data-end=\"1954\">\n<p data-start=\"1940\" data-end=\"1954\">par t\u00e9l\u00e9phone,<\/p>\n<\/li>\n<li data-start=\"1955\" data-end=\"1967\">\n<p data-start=\"1957\" data-end=\"1967\">par email.<\/p>\n<\/li>\n<\/ul>\n<p data-start=\"1969\" data-end=\"2019\">La r\u00e9servation devient ferme et d\u00e9finitive apr\u00e8s :<\/p>\n<ul data-start=\"2020\" data-end=\"2194\">\n<li data-start=\"2020\" data-end=\"2073\">\n<p data-start=\"2022\" data-end=\"2073\">validation des informations fournies par le Client,<\/p>\n<\/li>\n<li data-start=\"2074\" data-end=\"2106\">\n<p data-start=\"2076\" data-end=\"2106\">acceptation des pr\u00e9sentes CGV,<\/p>\n<\/li>\n<li data-start=\"2107\" data-end=\"2194\">\n<p data-start=\"2109\" data-end=\"2194\">et, le cas \u00e9ch\u00e9ant, communication d\u2019une carte bancaire en garantie ou paiement total.<\/p>\n<\/li>\n<\/ul>\n<p data-start=\"2196\" data-end=\"2259\">Un email de confirmation est envoy\u00e9 au Client apr\u00e8s validation.<\/p>\n<hr data-start=\"2261\" data-end=\"2264\" \/>\n<h2 data-start=\"2266\" data-end=\"2282\"><strong data-start=\"2269\" data-end=\"2282\">5. TARIFS<\/strong><\/h2>\n<p data-start=\"2284\" data-end=\"2373\">Les prix sont indiqu\u00e9s en <strong data-start=\"2310\" data-end=\"2323\">euros (\u20ac)<\/strong>, <strong data-start=\"2325\" data-end=\"2351\">toutes taxes comprises<\/strong>, hors taxe de s\u00e9jour.<\/p>\n<p data-start=\"2375\" data-end=\"2464\">La <strong data-start=\"2378\" data-end=\"2396\">taxe de s\u00e9jour<\/strong>, fix\u00e9e par la Ville de Paris, est payable sur place lors du s\u00e9jour.<\/p>\n<p data-start=\"2466\" data-end=\"2569\">Les tarifs sont valables uniquement pour les dates et conditions indiqu\u00e9es au moment de la r\u00e9servation.<\/p>\n<hr data-start=\"2571\" data-end=\"2574\" \/>\n<h2 data-start=\"2576\" data-end=\"2607\"><strong data-start=\"2579\" data-end=\"2607\">6. MODALIT\u00c9S DE PAIEMENT<\/strong><\/h2>\n<p data-start=\"2609\" data-end=\"2647\">Les moyens de paiement accept\u00e9s sont :<\/p>\n<ul data-start=\"2648\" data-end=\"2702\">\n<li data-start=\"2648\" data-end=\"2667\">\n<p data-start=\"2650\" data-end=\"2667\">cartes bancaires,<\/p>\n<\/li>\n<li data-start=\"2668\" data-end=\"2702\">\n<p data-start=\"2670\" data-end=\"2702\">esp\u00e8ces.<\/p>\n<\/li>\n<\/ul>\n<p data-start=\"2704\" data-end=\"2728\">Selon le tarif r\u00e9serv\u00e9 :<\/p>\n<ul data-start=\"2729\" data-end=\"2827\">\n<li data-start=\"2729\" data-end=\"2775\">\n<p data-start=\"2731\" data-end=\"2775\">le s\u00e9jour peut \u00eatre <strong data-start=\"2751\" data-end=\"2774\">pr\u00e9pay\u00e9 en totalit\u00e9<\/strong>,<\/p>\n<\/li>\n<li data-start=\"2776\" data-end=\"2827\">\n<p data-start=\"2778\" data-end=\"2827\">ou garanti par carte bancaire et r\u00e9gl\u00e9 sur place.<\/p>\n<\/li>\n<\/ul>\n<p data-start=\"2829\" data-end=\"2907\">L\u2019H\u00f4tel se r\u00e9serve le droit de demander une pi\u00e8ce d\u2019identit\u00e9 lors du paiement.<\/p>\n<hr data-start=\"2909\" data-end=\"2912\" \/>\n<h2 data-start=\"2914\" data-end=\"2951\"><strong data-start=\"2917\" data-end=\"2951\">7. GARANTIE \u2013 PR\u00c9-AUTORISATION<\/strong><\/h2>\n<p data-start=\"2953\" data-end=\"3032\">Pour certaines r\u00e9servations, une carte bancaire peut \u00eatre demand\u00e9e en garantie.<\/p>\n<p data-start=\"3034\" data-end=\"3247\">L\u2019H\u00f4tel se r\u00e9serve la possibilit\u00e9 d\u2019effectuer une <strong data-start=\"3084\" data-end=\"3113\">pr\u00e9-autorisation bancaire<\/strong> \u00e0 l\u2019arriv\u00e9e afin de garantir le paiement du s\u00e9jour ou d\u2019\u00e9ventuels frais suppl\u00e9mentaires.<br data-start=\"3202\" data-end=\"3205\" \/>Cette pr\u00e9-autorisation n\u2019est pas un d\u00e9bit.<\/p>\n<hr data-start=\"3249\" data-end=\"3252\" \/>\n<h2 data-start=\"3254\" data-end=\"3308\"><strong data-start=\"3257\" data-end=\"3308\">8. ANNULATION \u2013 MODIFICATION \u2013 NON-PR\u00c9SENTATION<\/strong><\/h2>\n<h3 data-start=\"3310\" data-end=\"3332\"><strong data-start=\"3314\" data-end=\"3332\">8.1 Annulation<\/strong><\/h3>\n<p data-start=\"3333\" data-end=\"3429\">Les conditions d\u2019annulation d\u00e9pendent du tarif r\u00e9serv\u00e9 et sont pr\u00e9cis\u00e9es lors de la r\u00e9servation.<\/p>\n<p data-start=\"3431\" data-end=\"3455\">Sauf mention contraire :<\/p>\n<ul data-start=\"3456\" data-end=\"3603\">\n<li data-start=\"3456\" data-end=\"3537\">\n<p data-start=\"3458\" data-end=\"3537\">l\u2019annulation est gratuite jusqu\u2019\u00e0 <strong data-start=\"3492\" data-end=\"3536\">48 heures avant la date d\u2019arriv\u00e9e \u00e0 midi<\/strong>,<\/p>\n<\/li>\n<li data-start=\"3538\" data-end=\"3603\">\n<p data-start=\"3540\" data-end=\"3603\">en cas d\u2019annulation tardive, la <strong data-start=\"3572\" data-end=\"3602\">premi\u00e8re nuit est factur\u00e9e<\/strong>.<\/p>\n<\/li>\n<\/ul>\n<h3 data-start=\"3605\" data-end=\"3641\"><strong data-start=\"3609\" data-end=\"3641\">8.2 Tarifs non remboursables<\/strong><\/h3>\n<p data-start=\"3642\" data-end=\"3678\">Les r\u00e9servations non remboursables :<\/p>\n<ul data-start=\"3679\" data-end=\"3751\">\n<li data-start=\"3679\" data-end=\"3722\">\n<p data-start=\"3681\" data-end=\"3722\">ne peuvent \u00eatre ni modifi\u00e9es ni annul\u00e9es,<\/p>\n<\/li>\n<li data-start=\"3723\" data-end=\"3751\">\n<p data-start=\"3725\" data-end=\"3751\">le montant total reste d\u00fb.<\/p>\n<\/li>\n<\/ul>\n<h3 data-start=\"3753\" data-end=\"3791\"><strong data-start=\"3757\" data-end=\"3791\">8.3 Non-pr\u00e9sentation (No-Show)<\/strong><\/h3>\n<p data-start=\"3792\" data-end=\"3846\">En cas de non-pr\u00e9sentation sans annulation pr\u00e9alable :<\/p>\n<ul data-start=\"3847\" data-end=\"3933\">\n<li data-start=\"3847\" data-end=\"3880\">\n<p data-start=\"3849\" data-end=\"3880\">la premi\u00e8re nuit sera factur\u00e9e,<\/p>\n<\/li>\n<li data-start=\"3881\" data-end=\"3933\">\n<p data-start=\"3883\" data-end=\"3933\">le reste du s\u00e9jour sera annul\u00e9 sans remboursement.<\/p>\n<\/li>\n<\/ul>\n<hr data-start=\"3935\" data-end=\"3938\" \/>\n<h2 data-start=\"3940\" data-end=\"3971\"><strong data-start=\"3943\" data-end=\"3971\">9. DROIT DE R\u00c9TRACTATION<\/strong><\/h2>\n<p data-start=\"3973\" data-end=\"4157\">Conform\u00e9ment \u00e0 l\u2019article <strong data-start=\"3998\" data-end=\"4037\">L.221-28 du Code de la consommation<\/strong>, le Client ne b\u00e9n\u00e9ficie pas du droit de r\u00e9tractation pour les prestations d\u2019h\u00e9bergement fournies \u00e0 une date d\u00e9termin\u00e9e.<\/p>\n<hr data-start=\"4159\" data-end=\"4162\" \/>\n<h2 data-start=\"4164\" data-end=\"4192\"><strong data-start=\"4167\" data-end=\"4192\">10. ARRIV\u00c9E ET D\u00c9PART<\/strong><\/h2>\n<ul data-start=\"4194\" data-end=\"4266\">\n<li data-start=\"4194\" data-end=\"4232\">\n<p data-start=\"4196\" data-end=\"4232\"><strong data-start=\"4196\" data-end=\"4208\">Check-in<\/strong> : \u00e0 partir de <strong data-start=\"4223\" data-end=\"4232\">15h00<\/strong><\/p>\n<\/li>\n<li data-start=\"4233\" data-end=\"4266\">\n<p data-start=\"4235\" data-end=\"4266\"><strong data-start=\"4235\" data-end=\"4248\">Check-out<\/strong> : avant <strong data-start=\"4257\" data-end=\"4266\">11h00<\/strong><\/p>\n<\/li>\n<\/ul>\n<p data-start=\"4268\" data-end=\"4358\">Tout d\u00e9part tardif non autoris\u00e9 pourra entra\u00eener la facturation d\u2019une nuit suppl\u00e9mentaire.<\/p>\n<hr data-start=\"4360\" data-end=\"4363\" \/>\n<h2 data-start=\"4365\" data-end=\"4411\"><strong data-start=\"4368\" data-end=\"4411\">11. R\u00c8GLEMENT INT\u00c9RIEUR ET COMPORTEMENT<\/strong><\/h2>\n<p data-start=\"4413\" data-end=\"4452\">L\u2019H\u00f4tel est <strong data-start=\"4425\" data-end=\"4451\">enti\u00e8rement non-fumeur<\/strong>.<\/p>\n<p data-start=\"4454\" data-end=\"4476\">Le Client s\u2019engage \u00e0 :<\/p>\n<ul data-start=\"4477\" data-end=\"4604\">\n<li data-start=\"4477\" data-end=\"4532\">\n<p data-start=\"4479\" data-end=\"4532\">respecter le calme et la s\u00e9curit\u00e9 de l\u2019\u00e9tablissement,<\/p>\n<\/li>\n<li data-start=\"4533\" data-end=\"4565\">\n<p data-start=\"4535\" data-end=\"4565\">ne pas causer de d\u00e9gradations,<\/p>\n<\/li>\n<li data-start=\"4566\" data-end=\"4604\">\n<p data-start=\"4568\" data-end=\"4604\">se conformer au r\u00e8glement int\u00e9rieur.<\/p>\n<\/li>\n<\/ul>\n<p data-start=\"4606\" data-end=\"4692\">Tout comportement contraire pourra entra\u00eener l\u2019exclusion imm\u00e9diate sans remboursement.<\/p>\n<hr data-start=\"4694\" data-end=\"4697\" \/>\n<h2 data-start=\"4699\" data-end=\"4724\"><strong data-start=\"4702\" data-end=\"4724\">12. RESPONSABILIT\u00c9<\/strong><\/h2>\n<p data-start=\"4726\" data-end=\"4768\">L\u2019H\u00f4tel ne saurait \u00eatre tenu responsable :<\/p>\n<ul data-start=\"4769\" data-end=\"4870\">\n<li data-start=\"4769\" data-end=\"4821\">\n<p data-start=\"4771\" data-end=\"4821\">des objets personnels perdus, vol\u00e9s ou d\u00e9t\u00e9rior\u00e9s,<\/p>\n<\/li>\n<li data-start=\"4822\" data-end=\"4870\">\n<p data-start=\"4824\" data-end=\"4870\">sauf d\u00e9p\u00f4t express\u00e9ment confi\u00e9 \u00e0 la r\u00e9ception.<\/p>\n<\/li>\n<\/ul>\n<p data-start=\"4872\" data-end=\"4965\">Le Client est responsable de tout dommage caus\u00e9 par lui-m\u00eame ou les personnes l\u2019accompagnant.<\/p>\n<hr data-start=\"4967\" data-end=\"4970\" \/>\n<h2 data-start=\"4972\" data-end=\"4996\"><strong data-start=\"4975\" data-end=\"4996\">13. FORCE MAJEURE<\/strong><\/h2>\n<p data-start=\"4998\" data-end=\"5147\">L\u2019H\u00f4tel ne pourra \u00eatre tenu responsable en cas d\u2019inex\u00e9cution r\u00e9sultant d\u2019un \u00e9v\u00e9nement de force majeure tel que d\u00e9fini par la jurisprudence fran\u00e7aise.<\/p>\n<hr data-start=\"5149\" data-end=\"5152\" \/>\n<h2 data-start=\"5154\" data-end=\"5185\"><strong data-start=\"5157\" data-end=\"5185\">14. DONN\u00c9ES PERSONNELLES<\/strong><\/h2>\n<p data-start=\"5187\" data-end=\"5344\">Les donn\u00e9es personnelles collect\u00e9es sont n\u00e9cessaires \u00e0 la gestion des r\u00e9servations.<br data-start=\"5270\" data-end=\"5273\" \/>Elles sont trait\u00e9es conform\u00e9ment \u00e0 la r\u00e9glementation en vigueur (RGPD).<\/p>\n<hr data-start=\"5346\" data-end=\"5349\" \/>\n<h2 data-start=\"5351\" data-end=\"5388\"><strong data-start=\"5354\" data-end=\"5388\">15. DROIT APPLICABLE \u2013 LITIGES<\/strong><\/h2>\n<p data-start=\"5390\" data-end=\"5444\">Les pr\u00e9sentes CGV sont soumises au <strong data-start=\"5425\" data-end=\"5443\">droit fran\u00e7ais<\/strong>.<\/p>\n<p data-start=\"5446\" data-end=\"5605\">En cas de litige, le Client est invit\u00e9 \u00e0 contacter l\u2019H\u00f4tel afin de rechercher une solution amiable.<br data-start=\"5545\" data-end=\"5548\" \/>\u00c0 d\u00e9faut, les tribunaux fran\u00e7ais seront seuls comp\u00e9tents.<\/p>\n","protected":false},"excerpt":{"rendered":"<p>1. IDENTIFICATION DE L\u2019\u00c9TABLISSEMENT H\u00f4tel de Belfort22 rue de Belfort, 75011 Paris \u2013 FranceT\u00e9l\u00e9phone : +33 (0)1 43 79 24 14Email : hotelbelfort@yahoo.frSite internet : www.hoteldebelfort.com 2. PR\u00c9AMBULE Les pr\u00e9sentes Conditions G\u00e9n\u00e9rales de Vente (ci-apr\u00e8s les \u00ab CGV \u00bb) ont pour objet de d\u00e9finir les modalit\u00e9s et conditions dans lesquelles l\u2019H\u00f4tel propose \u00e0 ses clients [&hellip;]<\/p>\n","protected":false},"author":507,"featured_media":0,"parent":4,"menu_order":0,"comment_status":"closed","ping_status":"closed","template":"template-default-3.php","meta":{"footnotes":""},"class_list":["post-297","page","type-page","status-publish","hentry"],"yoast_head":"<!-- This site is optimized with the Yoast SEO plugin v26.9 - https:\/\/yoast.com\/product\/yoast-seo-wordpress\/ -->\n<title>Conditions G\u00e9n\u00e9rales de Vente | H\u00f4tel Belfort Paris<\/title>\n<meta name=\"description\" content=\"CGV de l&#039;H\u00f4tel Belfort Paris : r\u00e9servation, annulation, paiement. Toutes les informations pour votre s\u00e9jour.\" \/>\n<meta name=\"robots\" content=\"index, follow, max-snippet:-1, max-image-preview:large, max-video-preview:-1\" \/>\n<link rel=\"canonical\" href=\"https:\/\/www.hoteldebelfort.com\/fr\/hotel-belfort\/conditions-generales-de-vente\/\" \/>\n<meta property=\"og:locale\" content=\"fr_FR\" \/>\n<meta property=\"og:type\" content=\"article\" \/>\n<meta property=\"og:title\" content=\"Conditions G\u00e9n\u00e9rales de Vente | H\u00f4tel Belfort Paris\" \/>\n<meta property=\"og:description\" content=\"CGV de l&#039;H\u00f4tel Belfort Paris : r\u00e9servation, annulation, paiement. Toutes les informations pour votre s\u00e9jour.\" \/>\n<meta property=\"og:url\" content=\"https:\/\/www.hoteldebelfort.com\/fr\/hotel-belfort\/conditions-generales-de-vente\/\" \/>\n<meta property=\"og:site_name\" content=\"Belfort Paris\" \/>\n<meta property=\"article:modified_time\" content=\"2026-02-20T15:45:40+00:00\" \/>\n<meta name=\"twitter:card\" content=\"summary_large_image\" \/>\n<meta name=\"twitter:label1\" content=\"Dur\u00e9e de lecture estim\u00e9e\" \/>\n\t<meta name=\"twitter:data1\" content=\"4 minutes\" \/>\n<script type=\"application\/ld+json\" class=\"yoast-schema-graph\">{\"@context\":\"https:\/\/schema.org\",\"@graph\":[{\"@type\":\"WebPage\",\"@id\":\"https:\/\/www.hoteldebelfort.com\/fr\/hotel-belfort\/conditions-generales-de-vente\/\",\"url\":\"https:\/\/www.hoteldebelfort.com\/fr\/hotel-belfort\/conditions-generales-de-vente\/\",\"name\":\"Conditions G\u00e9n\u00e9rales de Vente | H\u00f4tel Belfort Paris\",\"isPartOf\":{\"@id\":\"https:\/\/www.hoteldebelfort.com\/fr\/#website\"},\"datePublished\":\"2025-12-16T15:22:13+00:00\",\"dateModified\":\"2026-02-20T15:45:40+00:00\",\"description\":\"CGV de l'H\u00f4tel Belfort Paris : r\u00e9servation, annulation, paiement. Toutes les informations pour votre s\u00e9jour.\",\"breadcrumb\":{\"@id\":\"https:\/\/www.hoteldebelfort.com\/fr\/hotel-belfort\/conditions-generales-de-vente\/#breadcrumb\"},\"inLanguage\":\"fr-FR\",\"potentialAction\":[{\"@type\":\"ReadAction\",\"target\":[\"https:\/\/www.hoteldebelfort.com\/fr\/hotel-belfort\/conditions-generales-de-vente\/\"]}]},{\"@type\":\"BreadcrumbList\",\"@id\":\"https:\/\/www.hoteldebelfort.com\/fr\/hotel-belfort\/conditions-generales-de-vente\/#breadcrumb\",\"itemListElement\":[{\"@type\":\"ListItem\",\"position\":1,\"name\":\"Accueil\",\"item\":\"https:\/\/www.hoteldebelfort.com\/fr\/\"},{\"@type\":\"ListItem\",\"position\":2,\"name\":\"H\u00f4tel Familial Belfort\",\"item\":\"https:\/\/www.hoteldebelfort.com\/fr\/\"},{\"@type\":\"ListItem\",\"position\":3,\"name\":\"CONDITIONS G\u00c9N\u00c9RALES DE VENTE\"}]},{\"@type\":\"WebSite\",\"@id\":\"https:\/\/www.hoteldebelfort.com\/fr\/#website\",\"url\":\"https:\/\/www.hoteldebelfort.com\/fr\/\",\"name\":\"Belfort Paris\",\"description\":\"Un site utilisant ms.decms.eu\",\"potentialAction\":[{\"@type\":\"SearchAction\",\"target\":{\"@type\":\"EntryPoint\",\"urlTemplate\":\"https:\/\/www.hoteldebelfort.com\/fr\/?s={search_term_string}\"},\"query-input\":{\"@type\":\"PropertyValueSpecification\",\"valueRequired\":true,\"valueName\":\"search_term_string\"}}],\"inLanguage\":\"fr-FR\"}]}<\/script>\n<!-- \/ Yoast SEO plugin. -->","yoast_head_json":{"title":"Conditions G\u00e9n\u00e9rales de Vente | H\u00f4tel Belfort Paris","description":"CGV de l'H\u00f4tel Belfort Paris : r\u00e9servation, annulation, paiement. Toutes les informations pour votre s\u00e9jour.","robots":{"index":"index","follow":"follow","max-snippet":"max-snippet:-1","max-image-preview":"max-image-preview:large","max-video-preview":"max-video-preview:-1"},"canonical":"https:\/\/www.hoteldebelfort.com\/fr\/hotel-belfort\/conditions-generales-de-vente\/","og_locale":"fr_FR","og_type":"article","og_title":"Conditions G\u00e9n\u00e9rales de Vente | H\u00f4tel Belfort Paris","og_description":"CGV de l'H\u00f4tel Belfort Paris : r\u00e9servation, annulation, paiement. Toutes les informations pour votre s\u00e9jour.","og_url":"https:\/\/www.hoteldebelfort.com\/fr\/hotel-belfort\/conditions-generales-de-vente\/","og_site_name":"Belfort Paris","article_modified_time":"2026-02-20T15:45:40+00:00","twitter_card":"summary_large_image","twitter_misc":{"Dur\u00e9e de lecture estim\u00e9e":"4 minutes"},"schema":{"@context":"https:\/\/schema.org","@graph":[{"@type":"WebPage","@id":"https:\/\/www.hoteldebelfort.com\/fr\/hotel-belfort\/conditions-generales-de-vente\/","url":"https:\/\/www.hoteldebelfort.com\/fr\/hotel-belfort\/conditions-generales-de-vente\/","name":"Conditions G\u00e9n\u00e9rales de Vente | H\u00f4tel Belfort Paris","isPartOf":{"@id":"https:\/\/www.hoteldebelfort.com\/fr\/#website"},"datePublished":"2025-12-16T15:22:13+00:00","dateModified":"2026-02-20T15:45:40+00:00","description":"CGV de l'H\u00f4tel Belfort Paris : r\u00e9servation, annulation, paiement. Toutes les informations pour votre s\u00e9jour.","breadcrumb":{"@id":"https:\/\/www.hoteldebelfort.com\/fr\/hotel-belfort\/conditions-generales-de-vente\/#breadcrumb"},"inLanguage":"fr-FR","potentialAction":[{"@type":"ReadAction","target":["https:\/\/www.hoteldebelfort.com\/fr\/hotel-belfort\/conditions-generales-de-vente\/"]}]},{"@type":"BreadcrumbList","@id":"https:\/\/www.hoteldebelfort.com\/fr\/hotel-belfort\/conditions-generales-de-vente\/#breadcrumb","itemListElement":[{"@type":"ListItem","position":1,"name":"Accueil","item":"https:\/\/www.hoteldebelfort.com\/fr\/"},{"@type":"ListItem","position":2,"name":"H\u00f4tel Familial Belfort","item":"https:\/\/www.hoteldebelfort.com\/fr\/"},{"@type":"ListItem","position":3,"name":"CONDITIONS G\u00c9N\u00c9RALES DE VENTE"}]},{"@type":"WebSite","@id":"https:\/\/www.hoteldebelfort.com\/fr\/#website","url":"https:\/\/www.hoteldebelfort.com\/fr\/","name":"Belfort Paris","description":"Un site utilisant ms.decms.eu","potentialAction":[{"@type":"SearchAction","target":{"@type":"EntryPoint","urlTemplate":"https:\/\/www.hoteldebelfort.com\/fr\/?s={search_term_string}"},"query-input":{"@type":"PropertyValueSpecification","valueRequired":true,"valueName":"search_term_string"}}],"inLanguage":"fr-FR"}]}},"acf":[],"_links":{"self":[{"href":"https:\/\/www.hoteldebelfort.com\/fr\/wp-json\/wp\/v2\/pages\/297","targetHints":{"allow":["GET"]}}],"collection":[{"href":"https:\/\/www.hoteldebelfort.com\/fr\/wp-json\/wp\/v2\/pages"}],"about":[{"href":"https:\/\/www.hoteldebelfort.com\/fr\/wp-json\/wp\/v2\/types\/page"}],"author":[{"embeddable":true,"href":"https:\/\/www.hoteldebelfort.com\/fr\/wp-json\/wp\/v2\/users\/507"}],"replies":[{"embeddable":true,"href":"https:\/\/www.hoteldebelfort.com\/fr\/wp-json\/wp\/v2\/comments?post=297"}],"version-history":[{"count":0,"href":"https:\/\/www.hoteldebelfort.com\/fr\/wp-json\/wp\/v2\/pages\/297\/revisions"}],"up":[{"embeddable":true,"href":"https:\/\/www.hoteldebelfort.com\/fr\/wp-json\/wp\/v2\/pages\/4"}],"wp:attachment":[{"href":"https:\/\/www.hoteldebelfort.com\/fr\/wp-json\/wp\/v2\/media?parent=297"}],"curies":[{"name":"wp","href":"https:\/\/api.w.org\/{rel}","templated":true}]}}