{"id":21,"date":"2022-08-28T22:03:31","date_gmt":"2022-08-28T20:03:31","guid":{"rendered":"https:\/\/belfort-paris.ms.decms.eu\/?page_id=21"},"modified":"2026-02-20T16:42:54","modified_gmt":"2026-02-20T15:42:54","slug":"hotel-belforts-location","status":"publish","type":"page","link":"https:\/\/www.hoteldebelfort.com\/fr\/hotel-belforts-location\/","title":{"rendered":"Localisation de l&rsquo;h\u00f4tel Belfort"},"content":{"rendered":"<p>B\u00e9n\u00e9ficiant d&rsquo;une situation centrale entre les places de la R\u00e9publique, de la Nation et de la Bastille, l&rsquo;h\u00f4tel Belfort se trouve dans le 11e arrondissement de Paris, \u00e0 quelques minutes de marche de plusieurs lignes de m\u00e9tro.<\/p>\n<p>Nous sommes \u00e0 quatre minutes de marche de la ligne 2 du m\u00e9tro \u00e0 Philippe Auguste, et \u00e0 cinq minutes de Charonne et Voltaire (toutes deux sur la ligne 9).<\/p>\n<p>Le cimeti\u00e8re du P\u00e8re-Lachaise, o\u00f9 sont enterr\u00e9s Chopin et Jim Morrison, est accessible en 10 minutes, et les beaux jardins de la place des Vosges ne sont qu&rsquo;\u00e0 25 minutes \u00e0 pied. Un peu plus loin, dans le Marais, vous pourrez faire du shopping dans des boutiques ind\u00e9pendantes, admirer les collections d&rsquo;arts d\u00e9coratifs du mus\u00e9e Carnavalet ou les chefs-d&rsquo;\u0153uvre du mus\u00e9e national Picasso-Paris. Les galeries, les march\u00e9s et les restaurants \u00e9l\u00e9gants de Bastille se trouvent \u00e0 15 minutes de marche de l&rsquo;h\u00f4tel.<\/p>\n","protected":false},"excerpt":{"rendered":"<p>B\u00e9n\u00e9ficiant d&rsquo;une situation centrale entre les places de la R\u00e9publique, de la Nation et de la Bastille, l&rsquo;h\u00f4tel Belfort se trouve dans le 11e arrondissement de Paris, \u00e0 quelques minutes de marche de plusieurs lignes de m\u00e9tro. Nous sommes \u00e0 quatre minutes de marche de la ligne 2 du m\u00e9tro \u00e0 Philippe Auguste, et \u00e0 [&hellip;]<\/p>\n","protected":false},"author":475,"featured_media":24,"parent":0,"menu_order":0,"comment_status":"closed","ping_status":"closed","template":"template-location.php","meta":{"footnotes":""},"class_list":["post-21","page","type-page","status-publish","has-post-thumbnail","hentry"],"yoast_head":"<!-- This site is optimized with the Yoast SEO plugin v26.9 - https:\/\/yoast.com\/product\/yoast-seo-wordpress\/ -->\n<title>H\u00f4tel proche M\u00e9tro Philippe Auguste | H\u00f4tel Belfort Paris<\/title>\n<meta name=\"description\" content=\"H\u00f4tel Belfort : 22 rue de Belfort, Paris 11e. M\u00e9tro Philippe Auguste (L2) \u00e0 3 min. Acc\u00e8s direct Bastille, Nation, R\u00e9publique. T\u00e9l : 01 43 79 24 14\" \/>\n<meta name=\"robots\" content=\"index, follow, max-snippet:-1, max-image-preview:large, max-video-preview:-1\" \/>\n<link rel=\"canonical\" href=\"https:\/\/www.hoteldebelfort.com\/fr\/hotel-belforts-location\/\" \/>\n<meta property=\"og:locale\" content=\"fr_FR\" \/>\n<meta property=\"og:type\" content=\"article\" \/>\n<meta property=\"og:title\" content=\"H\u00f4tel proche M\u00e9tro Philippe Auguste | H\u00f4tel Belfort Paris\" \/>\n<meta property=\"og:description\" content=\"H\u00f4tel Belfort : 22 rue de Belfort, Paris 11e. M\u00e9tro Philippe Auguste (L2) \u00e0 3 min. Acc\u00e8s direct Bastille, Nation, R\u00e9publique. T\u00e9l : 01 43 79 24 14\" \/>\n<meta property=\"og:url\" content=\"https:\/\/www.hoteldebelfort.com\/fr\/hotel-belforts-location\/\" \/>\n<meta property=\"og:site_name\" content=\"Belfort Paris\" \/>\n<meta property=\"article:modified_time\" content=\"2026-02-20T15:42:54+00:00\" \/>\n<meta property=\"og:image\" content=\"https:\/\/www.hoteldebelfort.com\/wp-content\/uploads\/sites\/480\/2022\/08\/map-455769_1280-1024x677-1.webp\" \/>\n\t<meta property=\"og:image:width\" content=\"1024\" \/>\n\t<meta property=\"og:image:height\" content=\"677\" \/>\n\t<meta property=\"og:image:type\" content=\"image\/jpeg\" \/>\n<meta name=\"twitter:card\" content=\"summary_large_image\" \/>\n<meta name=\"twitter:label1\" content=\"Dur\u00e9e de lecture estim\u00e9e\" \/>\n\t<meta name=\"twitter:data1\" content=\"1 minute\" \/>\n<script type=\"application\/ld+json\" class=\"yoast-schema-graph\">{\"@context\":\"https:\/\/schema.org\",\"@graph\":[{\"@type\":\"WebPage\",\"@id\":\"https:\/\/www.hoteldebelfort.com\/fr\/hotel-belforts-location\/\",\"url\":\"https:\/\/www.hoteldebelfort.com\/fr\/hotel-belforts-location\/\",\"name\":\"H\u00f4tel proche M\u00e9tro Philippe Auguste | H\u00f4tel Belfort Paris\",\"isPartOf\":{\"@id\":\"https:\/\/www.hoteldebelfort.com\/fr\/#website\"},\"primaryImageOfPage\":{\"@id\":\"https:\/\/www.hoteldebelfort.com\/fr\/hotel-belforts-location\/#primaryimage\"},\"image\":{\"@id\":\"https:\/\/www.hoteldebelfort.com\/fr\/hotel-belforts-location\/#primaryimage\"},\"thumbnailUrl\":\"https:\/\/www.hoteldebelfort.com\/wp-content\/uploads\/sites\/480\/2022\/08\/map-455769_1280-1024x677-1.webp\",\"datePublished\":\"2022-08-28T20:03:31+00:00\",\"dateModified\":\"2026-02-20T15:42:54+00:00\",\"description\":\"H\u00f4tel Belfort : 22 rue de Belfort, Paris 11e. M\u00e9tro Philippe Auguste (L2) \u00e0 3 min. Acc\u00e8s direct Bastille, Nation, R\u00e9publique. T\u00e9l : 01 43 79 24 14\",\"breadcrumb\":{\"@id\":\"https:\/\/www.hoteldebelfort.com\/fr\/hotel-belforts-location\/#breadcrumb\"},\"inLanguage\":\"fr-FR\",\"potentialAction\":[{\"@type\":\"ReadAction\",\"target\":[\"https:\/\/www.hoteldebelfort.com\/fr\/hotel-belforts-location\/\"]}]},{\"@type\":\"ImageObject\",\"inLanguage\":\"fr-FR\",\"@id\":\"https:\/\/www.hoteldebelfort.com\/fr\/hotel-belforts-location\/#primaryimage\",\"url\":\"https:\/\/www.hoteldebelfort.com\/wp-content\/uploads\/sites\/480\/2022\/08\/map-455769_1280-1024x677-1.webp\",\"contentUrl\":\"https:\/\/www.hoteldebelfort.com\/wp-content\/uploads\/sites\/480\/2022\/08\/map-455769_1280-1024x677-1.webp\",\"width\":1024,\"height\":677},{\"@type\":\"BreadcrumbList\",\"@id\":\"https:\/\/www.hoteldebelfort.com\/fr\/hotel-belforts-location\/#breadcrumb\",\"itemListElement\":[{\"@type\":\"ListItem\",\"position\":1,\"name\":\"Accueil\",\"item\":\"https:\/\/www.hoteldebelfort.com\/fr\/\"},{\"@type\":\"ListItem\",\"position\":2,\"name\":\"Localisation de l&#8217;h\u00f4tel Belfort\"}]},{\"@type\":\"WebSite\",\"@id\":\"https:\/\/www.hoteldebelfort.com\/fr\/#website\",\"url\":\"https:\/\/www.hoteldebelfort.com\/fr\/\",\"name\":\"Belfort Paris\",\"description\":\"Un site utilisant ms.decms.eu\",\"potentialAction\":[{\"@type\":\"SearchAction\",\"target\":{\"@type\":\"EntryPoint\",\"urlTemplate\":\"https:\/\/www.hoteldebelfort.com\/fr\/?s={search_term_string}\"},\"query-input\":{\"@type\":\"PropertyValueSpecification\",\"valueRequired\":true,\"valueName\":\"search_term_string\"}}],\"inLanguage\":\"fr-FR\"}]}<\/script>\n<!-- \/ Yoast SEO plugin. -->","yoast_head_json":{"title":"H\u00f4tel proche M\u00e9tro Philippe Auguste | H\u00f4tel Belfort Paris","description":"H\u00f4tel Belfort : 22 rue de Belfort, Paris 11e. M\u00e9tro Philippe Auguste (L2) \u00e0 3 min. Acc\u00e8s direct Bastille, Nation, R\u00e9publique. T\u00e9l : 01 43 79 24 14","robots":{"index":"index","follow":"follow","max-snippet":"max-snippet:-1","max-image-preview":"max-image-preview:large","max-video-preview":"max-video-preview:-1"},"canonical":"https:\/\/www.hoteldebelfort.com\/fr\/hotel-belforts-location\/","og_locale":"fr_FR","og_type":"article","og_title":"H\u00f4tel proche M\u00e9tro Philippe Auguste | H\u00f4tel Belfort Paris","og_description":"H\u00f4tel Belfort : 22 rue de Belfort, Paris 11e. M\u00e9tro Philippe Auguste (L2) \u00e0 3 min. Acc\u00e8s direct Bastille, Nation, R\u00e9publique. T\u00e9l : 01 43 79 24 14","og_url":"https:\/\/www.hoteldebelfort.com\/fr\/hotel-belforts-location\/","og_site_name":"Belfort Paris","article_modified_time":"2026-02-20T15:42:54+00:00","og_image":[{"width":1024,"height":677,"url":"https:\/\/www.hoteldebelfort.com\/wp-content\/uploads\/sites\/480\/2022\/08\/map-455769_1280-1024x677-1.webp","type":"image\/jpeg"}],"twitter_card":"summary_large_image","twitter_misc":{"Dur\u00e9e de lecture estim\u00e9e":"1 minute"},"schema":{"@context":"https:\/\/schema.org","@graph":[{"@type":"WebPage","@id":"https:\/\/www.hoteldebelfort.com\/fr\/hotel-belforts-location\/","url":"https:\/\/www.hoteldebelfort.com\/fr\/hotel-belforts-location\/","name":"H\u00f4tel proche M\u00e9tro Philippe Auguste | H\u00f4tel Belfort Paris","isPartOf":{"@id":"https:\/\/www.hoteldebelfort.com\/fr\/#website"},"primaryImageOfPage":{"@id":"https:\/\/www.hoteldebelfort.com\/fr\/hotel-belforts-location\/#primaryimage"},"image":{"@id":"https:\/\/www.hoteldebelfort.com\/fr\/hotel-belforts-location\/#primaryimage"},"thumbnailUrl":"https:\/\/www.hoteldebelfort.com\/wp-content\/uploads\/sites\/480\/2022\/08\/map-455769_1280-1024x677-1.webp","datePublished":"2022-08-28T20:03:31+00:00","dateModified":"2026-02-20T15:42:54+00:00","description":"H\u00f4tel Belfort : 22 rue de Belfort, Paris 11e. M\u00e9tro Philippe Auguste (L2) \u00e0 3 min. Acc\u00e8s direct Bastille, Nation, R\u00e9publique. T\u00e9l : 01 43 79 24 14","breadcrumb":{"@id":"https:\/\/www.hoteldebelfort.com\/fr\/hotel-belforts-location\/#breadcrumb"},"inLanguage":"fr-FR","potentialAction":[{"@type":"ReadAction","target":["https:\/\/www.hoteldebelfort.com\/fr\/hotel-belforts-location\/"]}]},{"@type":"ImageObject","inLanguage":"fr-FR","@id":"https:\/\/www.hoteldebelfort.com\/fr\/hotel-belforts-location\/#primaryimage","url":"https:\/\/www.hoteldebelfort.com\/wp-content\/uploads\/sites\/480\/2022\/08\/map-455769_1280-1024x677-1.webp","contentUrl":"https:\/\/www.hoteldebelfort.com\/wp-content\/uploads\/sites\/480\/2022\/08\/map-455769_1280-1024x677-1.webp","width":1024,"height":677},{"@type":"BreadcrumbList","@id":"https:\/\/www.hoteldebelfort.com\/fr\/hotel-belforts-location\/#breadcrumb","itemListElement":[{"@type":"ListItem","position":1,"name":"Accueil","item":"https:\/\/www.hoteldebelfort.com\/fr\/"},{"@type":"ListItem","position":2,"name":"Localisation de l&#8217;h\u00f4tel Belfort"}]},{"@type":"WebSite","@id":"https:\/\/www.hoteldebelfort.com\/fr\/#website","url":"https:\/\/www.hoteldebelfort.com\/fr\/","name":"Belfort Paris","description":"Un site utilisant ms.decms.eu","potentialAction":[{"@type":"SearchAction","target":{"@type":"EntryPoint","urlTemplate":"https:\/\/www.hoteldebelfort.com\/fr\/?s={search_term_string}"},"query-input":{"@type":"PropertyValueSpecification","valueRequired":true,"valueName":"search_term_string"}}],"inLanguage":"fr-FR"}]}},"acf":[],"_links":{"self":[{"href":"https:\/\/www.hoteldebelfort.com\/fr\/wp-json\/wp\/v2\/pages\/21","targetHints":{"allow":["GET"]}}],"collection":[{"href":"https:\/\/www.hoteldebelfort.com\/fr\/wp-json\/wp\/v2\/pages"}],"about":[{"href":"https:\/\/www.hoteldebelfort.com\/fr\/wp-json\/wp\/v2\/types\/page"}],"author":[{"embeddable":true,"href":"https:\/\/www.hoteldebelfort.com\/fr\/wp-json\/wp\/v2\/users\/475"}],"replies":[{"embeddable":true,"href":"https:\/\/www.hoteldebelfort.com\/fr\/wp-json\/wp\/v2\/comments?post=21"}],"version-history":[{"count":0,"href":"https:\/\/www.hoteldebelfort.com\/fr\/wp-json\/wp\/v2\/pages\/21\/revisions"}],"wp:featuredmedia":[{"embeddable":true,"href":"https:\/\/www.hoteldebelfort.com\/fr\/wp-json\/wp\/v2\/media\/24"}],"wp:attachment":[{"href":"https:\/\/www.hoteldebelfort.com\/fr\/wp-json\/wp\/v2\/media?parent=21"}],"curies":[{"name":"wp","href":"https:\/\/api.w.org\/{rel}","templated":true}]}}