{"id":20,"date":"2022-08-22T18:02:53","date_gmt":"2022-08-22T16:02:53","guid":{"rendered":"https:\/\/belfort-paris.ms.decms.eu\/?page_id=20"},"modified":"2026-02-20T16:45:00","modified_gmt":"2026-02-20T15:45:00","slug":"contact-hotel-belfort","status":"publish","type":"page","link":"https:\/\/www.hoteldebelfort.com\/fr\/contact-hotel-belfort\/","title":{"rendered":"Contact Hotel Belfort"},"content":{"rendered":"<p>N&rsquo;h\u00e9sitez pas \u00e0 nous contacter pour faire une r\u00e9servation ou pour plus d&rsquo;informations sur notre h\u00f4tel.<\/p>\n\n                <div class='gf_browser_gecko gform_wrapper' id='gform_wrapper_1' ><form method='post' enctype='multipart\/form-data'  id='gform_1'  action='\/fr\/wp-json\/wp\/v2\/pages\/20'>\n                        <div class='gform_heading'>\n                            <h3 class='gform_title'>Contact FR<\/h3>\n                            <span class='gform_description'><\/span>\n                        <\/div>\n                        <div class='gform_body'><ul id='gform_fields_1' class='gform_fields top_label form_sublabel_below description_below'><li id='field_1_1'  class='gfield medium gfield_contains_required field_sublabel_below field_description_below gfield_visibility_visible' ><label class='gfield_label' for='input_1_1' >Nom<span class='gfield_required'>*<\/span><\/label><div class='ginput_container ginput_container_text'><input name='input_1' id='input_1_1' type='text' value='' class='medium'     aria-required=\"true\" aria-invalid=\"false\" \/><\/div><\/li><li id='field_1_2'  class='gfield medium gfield_contains_required field_sublabel_below field_description_below gfield_visibility_visible' ><label class='gfield_label' for='input_1_2' >Pr\u00e9nom<span class='gfield_required'>*<\/span><\/label><div class='ginput_container ginput_container_text'><input name='input_2' id='input_1_2' type='text' value='' class='medium'     aria-required=\"true\" aria-invalid=\"false\" \/><\/div><\/li><li id='field_1_3'  class='gfield gfield_contains_required field_sublabel_below field_description_below gfield_visibility_visible' ><label class='gfield_label' for='input_1_3' >E-mail<span class='gfield_required'>*<\/span><\/label><div class='ginput_container ginput_container_email'>\n                            <input name='input_3' id='input_1_3' type='text' value='' class='medium'    aria-required=\"true\" aria-invalid=\"false\" \/>\n                        <\/div><\/li><li id='field_1_4'  class='gfield field_sublabel_below field_description_below gfield_visibility_visible' ><label class='gfield_label' for='input_1_4' >Object de la demande<\/label><div class='ginput_container ginput_container_text'><input name='input_4' id='input_1_4' type='text' value='' class='medium'      aria-invalid=\"false\" \/><\/div><\/li><li id='field_1_5'  class='gfield gfield_contains_required field_sublabel_below field_description_below gfield_visibility_visible' ><label class='gfield_label' for='input_1_5' >Votre message<span class='gfield_required'>*<\/span><\/label><div class='ginput_container ginput_container_textarea'><textarea name='input_5' id='input_1_5' class='textarea medium'     aria-required=\"true\" aria-invalid=\"false\"   rows='10' cols='50'><\/textarea><\/div><\/li><li id='field_1_8'  class='gfield field_sublabel_below field_description_below gfield_visibility_visible' ><label class='gfield_label'  >Donn\u00e9es personnelles<\/label><div class='ginput_container ginput_container_checkbox'><ul class='gfield_checkbox' id='input_1_8'><li class='gchoice_1_8_1'>\n\t\t\t\t\t\t\t\t<input name='input_8.1' type='checkbox'  value='En saisissant vos coordonn\u00e9es, vous acceptez d&#039;\u00eatre contact\u00e9 par e-mail par l&#039;h\u00f4tel Belfort'  id='choice_1_8_1'   \/>\n\t\t\t\t\t\t\t\t<label for='choice_1_8_1' id='label_1_8_1'>En saisissant vos coordonn\u00e9es, vous acceptez d'\u00eatre contact\u00e9 par e-mail par l'h\u00f4tel Belfort<\/label>\n\t\t\t\t\t\t\t<\/li><\/ul><\/div><\/li><li id='field_1_7'  class='gfield field_sublabel_below field_description_below gfield_visibility_visible' ><label class='gfield_label' for='input_1_7' >CAPTCHA<\/label><div id='input_1_7' class='ginput_container ginput_recaptcha' data-sitekey='6LeMETEiAAAAAKnTTVkY9Zqu6pXumlLITljeyhxg'  data-theme='light' data-tabindex='0'  data-badge=''><\/div><\/li><li id='field_1_9'  class='gfield gform_validation_container field_sublabel_below field_description_below gfield_visibility_visible' ><label class='gfield_label' for='input_1_9' >Name<\/label><div class='ginput_container'><input name='input_9' id='input_1_9' type='text' value='' \/><\/div><div class='gfield_description' id='gfield_description_1_9'>Ce champ n\u2019est utilis\u00e9 qu\u2019\u00e0 des fins de validation et devrait rester inchang\u00e9.<\/div><\/li>\n                            <\/ul><\/div>\n        <div class='gform_footer top_label'> <input type='submit' id='gform_submit_button_1' class='gform_button button' value='Envoyer'  onclick='if(window[\"gf_submitting_1\"]){return false;}  window[\"gf_submitting_1\"]=true;  ' onkeypress='if( event.keyCode == 13 ){ if(window[\"gf_submitting_1\"]){return false;} window[\"gf_submitting_1\"]=true;  jQuery(\"#gform_1\").trigger(\"submit\",[true]); }' \/> \n            <input type='hidden' class='gform_hidden' name='is_submit_1' value='1' \/>\n            <input type='hidden' class='gform_hidden' name='gform_submit' value='1' \/>\n            \n            <input type='hidden' class='gform_hidden' name='gform_unique_id' value='' \/>\n            <input type='hidden' class='gform_hidden' name='state_1' value='WyJbXSIsIjMzYmYyMWNkYTJhNzA4YTM1YzdlNzFmY2RiNzcyYTQwIl0=' \/>\n            <input type='hidden' class='gform_hidden' name='gform_target_page_number_1' id='gform_target_page_number_1' value='0' \/>\n            <input type='hidden' class='gform_hidden' name='gform_source_page_number_1' id='gform_source_page_number_1' value='1' \/>\n            <input type='hidden' name='gform_field_values' value='' \/>\n            \n        <\/div>\n                        <\/form>\n                        <\/div><script type='text\/javascript'> jQuery(document).bind('gform_post_render', function(event, formId, currentPage){if(formId == 1) {} } );jQuery(document).bind('gform_post_conditional_logic', function(event, formId, fields, isInit){} );<\/script><script type='text\/javascript'> jQuery(document).ready(function(){jQuery(document).trigger('gform_post_render', [1, 1]) } ); <\/script>\n","protected":false},"excerpt":{"rendered":"<p>N&rsquo;h\u00e9sitez pas \u00e0 nous contacter pour faire une r\u00e9servation ou pour plus d&rsquo;informations sur notre h\u00f4tel.<\/p>\n","protected":false},"author":475,"featured_media":0,"parent":0,"menu_order":0,"comment_status":"closed","ping_status":"closed","template":"template-contacts.php","meta":{"footnotes":""},"class_list":["post-20","page","type-page","status-publish","hentry"],"yoast_head":"<!-- This site is optimized with the Yoast SEO plugin v26.9 - https:\/\/yoast.com\/product\/yoast-seo-wordpress\/ -->\n<title>Contact &amp; R\u00e9servation | H\u00f4tel Belfort Paris<\/title>\n<meta name=\"description\" content=\"Contactez l&#039;H\u00f4tel Belfort : 22 rue de Belfort, Paris 11e. M\u00e9tro Philippe Auguste ou Charonne. R\u00e9servation directe, meilleur prix garanti. T\u00e9l : 01 43 79 24 14\" \/>\n<meta name=\"robots\" content=\"index, follow, max-snippet:-1, max-image-preview:large, max-video-preview:-1\" \/>\n<link rel=\"canonical\" href=\"https:\/\/www.hoteldebelfort.com\/fr\/contact-hotel-belfort\/\" \/>\n<meta property=\"og:locale\" content=\"fr_FR\" \/>\n<meta property=\"og:type\" content=\"article\" \/>\n<meta property=\"og:title\" content=\"Contact &amp; R\u00e9servation | H\u00f4tel Belfort Paris\" \/>\n<meta property=\"og:description\" content=\"Contactez l&#039;H\u00f4tel Belfort : 22 rue de Belfort, Paris 11e. M\u00e9tro Philippe Auguste ou Charonne. R\u00e9servation directe, meilleur prix garanti. T\u00e9l : 01 43 79 24 14\" \/>\n<meta property=\"og:url\" content=\"https:\/\/www.hoteldebelfort.com\/fr\/contact-hotel-belfort\/\" \/>\n<meta property=\"og:site_name\" content=\"Belfort Paris\" \/>\n<meta property=\"article:modified_time\" content=\"2026-02-20T15:45:00+00:00\" \/>\n<meta name=\"twitter:card\" content=\"summary_large_image\" \/>\n<script type=\"application\/ld+json\" class=\"yoast-schema-graph\">{\"@context\":\"https:\/\/schema.org\",\"@graph\":[{\"@type\":\"WebPage\",\"@id\":\"https:\/\/www.hoteldebelfort.com\/fr\/contact-hotel-belfort\/\",\"url\":\"https:\/\/www.hoteldebelfort.com\/fr\/contact-hotel-belfort\/\",\"name\":\"Contact & R\u00e9servation | H\u00f4tel Belfort Paris\",\"isPartOf\":{\"@id\":\"https:\/\/www.hoteldebelfort.com\/fr\/#website\"},\"datePublished\":\"2022-08-22T16:02:53+00:00\",\"dateModified\":\"2026-02-20T15:45:00+00:00\",\"description\":\"Contactez l'H\u00f4tel Belfort : 22 rue de Belfort, Paris 11e. M\u00e9tro Philippe Auguste ou Charonne. R\u00e9servation directe, meilleur prix garanti. T\u00e9l : 01 43 79 24 14\",\"breadcrumb\":{\"@id\":\"https:\/\/www.hoteldebelfort.com\/fr\/contact-hotel-belfort\/#breadcrumb\"},\"inLanguage\":\"fr-FR\",\"potentialAction\":[{\"@type\":\"ReadAction\",\"target\":[\"https:\/\/www.hoteldebelfort.com\/fr\/contact-hotel-belfort\/\"]}]},{\"@type\":\"BreadcrumbList\",\"@id\":\"https:\/\/www.hoteldebelfort.com\/fr\/contact-hotel-belfort\/#breadcrumb\",\"itemListElement\":[{\"@type\":\"ListItem\",\"position\":1,\"name\":\"Accueil\",\"item\":\"https:\/\/www.hoteldebelfort.com\/fr\/\"},{\"@type\":\"ListItem\",\"position\":2,\"name\":\"Contact Hotel Belfort\"}]},{\"@type\":\"WebSite\",\"@id\":\"https:\/\/www.hoteldebelfort.com\/fr\/#website\",\"url\":\"https:\/\/www.hoteldebelfort.com\/fr\/\",\"name\":\"Belfort Paris\",\"description\":\"Un site utilisant ms.decms.eu\",\"potentialAction\":[{\"@type\":\"SearchAction\",\"target\":{\"@type\":\"EntryPoint\",\"urlTemplate\":\"https:\/\/www.hoteldebelfort.com\/fr\/?s={search_term_string}\"},\"query-input\":{\"@type\":\"PropertyValueSpecification\",\"valueRequired\":true,\"valueName\":\"search_term_string\"}}],\"inLanguage\":\"fr-FR\"}]}<\/script>\n<!-- \/ Yoast SEO plugin. -->","yoast_head_json":{"title":"Contact & R\u00e9servation | H\u00f4tel Belfort Paris","description":"Contactez l'H\u00f4tel Belfort : 22 rue de Belfort, Paris 11e. M\u00e9tro Philippe Auguste ou Charonne. R\u00e9servation directe, meilleur prix garanti. T\u00e9l : 01 43 79 24 14","robots":{"index":"index","follow":"follow","max-snippet":"max-snippet:-1","max-image-preview":"max-image-preview:large","max-video-preview":"max-video-preview:-1"},"canonical":"https:\/\/www.hoteldebelfort.com\/fr\/contact-hotel-belfort\/","og_locale":"fr_FR","og_type":"article","og_title":"Contact & R\u00e9servation | H\u00f4tel Belfort Paris","og_description":"Contactez l'H\u00f4tel Belfort : 22 rue de Belfort, Paris 11e. M\u00e9tro Philippe Auguste ou Charonne. R\u00e9servation directe, meilleur prix garanti. T\u00e9l : 01 43 79 24 14","og_url":"https:\/\/www.hoteldebelfort.com\/fr\/contact-hotel-belfort\/","og_site_name":"Belfort Paris","article_modified_time":"2026-02-20T15:45:00+00:00","twitter_card":"summary_large_image","schema":{"@context":"https:\/\/schema.org","@graph":[{"@type":"WebPage","@id":"https:\/\/www.hoteldebelfort.com\/fr\/contact-hotel-belfort\/","url":"https:\/\/www.hoteldebelfort.com\/fr\/contact-hotel-belfort\/","name":"Contact & R\u00e9servation | H\u00f4tel Belfort Paris","isPartOf":{"@id":"https:\/\/www.hoteldebelfort.com\/fr\/#website"},"datePublished":"2022-08-22T16:02:53+00:00","dateModified":"2026-02-20T15:45:00+00:00","description":"Contactez l'H\u00f4tel Belfort : 22 rue de Belfort, Paris 11e. M\u00e9tro Philippe Auguste ou Charonne. R\u00e9servation directe, meilleur prix garanti. T\u00e9l : 01 43 79 24 14","breadcrumb":{"@id":"https:\/\/www.hoteldebelfort.com\/fr\/contact-hotel-belfort\/#breadcrumb"},"inLanguage":"fr-FR","potentialAction":[{"@type":"ReadAction","target":["https:\/\/www.hoteldebelfort.com\/fr\/contact-hotel-belfort\/"]}]},{"@type":"BreadcrumbList","@id":"https:\/\/www.hoteldebelfort.com\/fr\/contact-hotel-belfort\/#breadcrumb","itemListElement":[{"@type":"ListItem","position":1,"name":"Accueil","item":"https:\/\/www.hoteldebelfort.com\/fr\/"},{"@type":"ListItem","position":2,"name":"Contact Hotel Belfort"}]},{"@type":"WebSite","@id":"https:\/\/www.hoteldebelfort.com\/fr\/#website","url":"https:\/\/www.hoteldebelfort.com\/fr\/","name":"Belfort Paris","description":"Un site utilisant ms.decms.eu","potentialAction":[{"@type":"SearchAction","target":{"@type":"EntryPoint","urlTemplate":"https:\/\/www.hoteldebelfort.com\/fr\/?s={search_term_string}"},"query-input":{"@type":"PropertyValueSpecification","valueRequired":true,"valueName":"search_term_string"}}],"inLanguage":"fr-FR"}]}},"acf":[],"_links":{"self":[{"href":"https:\/\/www.hoteldebelfort.com\/fr\/wp-json\/wp\/v2\/pages\/20","targetHints":{"allow":["GET"]}}],"collection":[{"href":"https:\/\/www.hoteldebelfort.com\/fr\/wp-json\/wp\/v2\/pages"}],"about":[{"href":"https:\/\/www.hoteldebelfort.com\/fr\/wp-json\/wp\/v2\/types\/page"}],"author":[{"embeddable":true,"href":"https:\/\/www.hoteldebelfort.com\/fr\/wp-json\/wp\/v2\/users\/475"}],"replies":[{"embeddable":true,"href":"https:\/\/www.hoteldebelfort.com\/fr\/wp-json\/wp\/v2\/comments?post=20"}],"version-history":[{"count":0,"href":"https:\/\/www.hoteldebelfort.com\/fr\/wp-json\/wp\/v2\/pages\/20\/revisions"}],"wp:attachment":[{"href":"https:\/\/www.hoteldebelfort.com\/fr\/wp-json\/wp\/v2\/media?parent=20"}],"curies":[{"name":"wp","href":"https:\/\/api.w.org\/{rel}","templated":true}]}}