{"id":14,"date":"2022-08-22T17:49:51","date_gmt":"2022-08-22T15:49:51","guid":{"rendered":"https:\/\/belfort-paris.ms.decms.eu\/?page_id=14"},"modified":"2026-02-20T16:38:10","modified_gmt":"2026-02-20T15:38:10","slug":"standard-twin-room","status":"publish","type":"page","link":"https:\/\/www.hoteldebelfort.com\/fr\/hotel-belforts-rooms\/standard-twin-room\/","title":{"rendered":"Chambre Twin Standard"},"content":{"rendered":"<p>Id\u00e9ales pour les voyages d&rsquo;affaires de courte dur\u00e9e ou les s\u00e9jours en solo \u00e0 Paris, nos chambres doubles standard confortables sont toutes dot\u00e9es d&rsquo;une connexion Wi-Fi gratuite et d&rsquo;un espace de travail pour vous permettre de vous pr\u00e9parer \u00e0 vos r\u00e9unions ou de planifier vos visites touristiques. Avec des vues sur la ville, un design personnalis\u00e9 et une palette de couleurs apaisantes, il est facile de se d\u00e9tendre dans ces cachettes douillettes, surtout apr\u00e8s avoir pris une douche r\u00e9paratrice ou fait trempette dans les salles de bains modernes et \u00e9l\u00e9gantes.<\/p>\n","protected":false},"excerpt":{"rendered":"<p>Id\u00e9ales pour les voyages d&rsquo;affaires de courte dur\u00e9e ou les s\u00e9jours en solo \u00e0 Paris, nos chambres doubles standard confortables sont toutes dot\u00e9es d&rsquo;une connexion Wi-Fi gratuite et d&rsquo;un espace de travail pour vous permettre de vous pr\u00e9parer \u00e0 vos r\u00e9unions ou de planifier vos visites touristiques. Avec des vues sur la ville, un design [&hellip;]<\/p>\n","protected":false},"author":475,"featured_media":253,"parent":12,"menu_order":20,"comment_status":"closed","ping_status":"closed","template":"template-single-room.php","meta":{"footnotes":""},"class_list":["post-14","page","type-page","status-publish","has-post-thumbnail","hentry"],"yoast_head":"<!-- This site is optimized with the Yoast SEO plugin v26.9 - https:\/\/yoast.com\/product\/yoast-seo-wordpress\/ -->\n<title>Chambre Twin 2 Lits Paris 11e | H\u00f4tel Belfort Paris<\/title>\n<meta name=\"description\" content=\"Chambre twin avec 2 lits simples \u00e0 Paris 11e. Id\u00e9al amis ou coll\u00e8gues. Climatisation, WiFi gratuit. M\u00e9tro Philippe Auguste ligne 2.\" \/>\n<meta name=\"robots\" content=\"index, follow, max-snippet:-1, max-image-preview:large, max-video-preview:-1\" \/>\n<link rel=\"canonical\" href=\"https:\/\/www.hoteldebelfort.com\/fr\/hotel-belforts-rooms\/standard-twin-room\/\" \/>\n<meta property=\"og:locale\" content=\"fr_FR\" \/>\n<meta property=\"og:type\" content=\"article\" \/>\n<meta property=\"og:title\" content=\"Chambre Twin 2 Lits Paris 11e | H\u00f4tel Belfort Paris\" \/>\n<meta property=\"og:description\" content=\"Chambre twin avec 2 lits simples \u00e0 Paris 11e. Id\u00e9al amis ou coll\u00e8gues. Climatisation, WiFi gratuit. M\u00e9tro Philippe Auguste ligne 2.\" \/>\n<meta property=\"og:url\" content=\"https:\/\/www.hoteldebelfort.com\/fr\/hotel-belforts-rooms\/standard-twin-room\/\" \/>\n<meta property=\"og:site_name\" content=\"Belfort Paris\" \/>\n<meta property=\"article:modified_time\" content=\"2026-02-20T15:38:10+00:00\" \/>\n<meta property=\"og:image\" content=\"https:\/\/www.hoteldebelfort.com\/wp-content\/uploads\/sites\/480\/2025\/04\/402.jpg\" \/>\n\t<meta property=\"og:image:width\" content=\"1200\" \/>\n\t<meta property=\"og:image:height\" content=\"900\" \/>\n\t<meta property=\"og:image:type\" content=\"image\/jpeg\" \/>\n<meta name=\"twitter:card\" content=\"summary_large_image\" \/>\n<script type=\"application\/ld+json\" class=\"yoast-schema-graph\">{\"@context\":\"https:\/\/schema.org\",\"@graph\":[{\"@type\":\"WebPage\",\"@id\":\"https:\/\/www.hoteldebelfort.com\/fr\/hotel-belforts-rooms\/standard-twin-room\/\",\"url\":\"https:\/\/www.hoteldebelfort.com\/fr\/hotel-belforts-rooms\/standard-twin-room\/\",\"name\":\"Chambre Twin 2 Lits Paris 11e | H\u00f4tel Belfort Paris\",\"isPartOf\":{\"@id\":\"https:\/\/www.hoteldebelfort.com\/fr\/#website\"},\"primaryImageOfPage\":{\"@id\":\"https:\/\/www.hoteldebelfort.com\/fr\/hotel-belforts-rooms\/standard-twin-room\/#primaryimage\"},\"image\":{\"@id\":\"https:\/\/www.hoteldebelfort.com\/fr\/hotel-belforts-rooms\/standard-twin-room\/#primaryimage\"},\"thumbnailUrl\":\"https:\/\/www.hoteldebelfort.com\/wp-content\/uploads\/sites\/480\/2025\/04\/402.jpg\",\"datePublished\":\"2022-08-22T15:49:51+00:00\",\"dateModified\":\"2026-02-20T15:38:10+00:00\",\"description\":\"Chambre twin avec 2 lits simples \u00e0 Paris 11e. Id\u00e9al amis ou coll\u00e8gues. Climatisation, WiFi gratuit. M\u00e9tro Philippe Auguste ligne 2.\",\"breadcrumb\":{\"@id\":\"https:\/\/www.hoteldebelfort.com\/fr\/hotel-belforts-rooms\/standard-twin-room\/#breadcrumb\"},\"inLanguage\":\"fr-FR\",\"potentialAction\":[{\"@type\":\"ReadAction\",\"target\":[\"https:\/\/www.hoteldebelfort.com\/fr\/hotel-belforts-rooms\/standard-twin-room\/\"]}]},{\"@type\":\"ImageObject\",\"inLanguage\":\"fr-FR\",\"@id\":\"https:\/\/www.hoteldebelfort.com\/fr\/hotel-belforts-rooms\/standard-twin-room\/#primaryimage\",\"url\":\"https:\/\/www.hoteldebelfort.com\/wp-content\/uploads\/sites\/480\/2025\/04\/402.jpg\",\"contentUrl\":\"https:\/\/www.hoteldebelfort.com\/wp-content\/uploads\/sites\/480\/2025\/04\/402.jpg\",\"width\":1200,\"height\":900},{\"@type\":\"BreadcrumbList\",\"@id\":\"https:\/\/www.hoteldebelfort.com\/fr\/hotel-belforts-rooms\/standard-twin-room\/#breadcrumb\",\"itemListElement\":[{\"@type\":\"ListItem\",\"position\":1,\"name\":\"Accueil\",\"item\":\"https:\/\/www.hoteldebelfort.com\/fr\/\"},{\"@type\":\"ListItem\",\"position\":2,\"name\":\"Chambres de l&#8217;h\u00f4tel Belfort\",\"item\":\"https:\/\/www.hoteldebelfort.com\/fr\/hotel-belforts-rooms\/\"},{\"@type\":\"ListItem\",\"position\":3,\"name\":\"Chambre Twin Standard\"}]},{\"@type\":\"WebSite\",\"@id\":\"https:\/\/www.hoteldebelfort.com\/fr\/#website\",\"url\":\"https:\/\/www.hoteldebelfort.com\/fr\/\",\"name\":\"Belfort Paris\",\"description\":\"Un site utilisant ms.decms.eu\",\"potentialAction\":[{\"@type\":\"SearchAction\",\"target\":{\"@type\":\"EntryPoint\",\"urlTemplate\":\"https:\/\/www.hoteldebelfort.com\/fr\/?s={search_term_string}\"},\"query-input\":{\"@type\":\"PropertyValueSpecification\",\"valueRequired\":true,\"valueName\":\"search_term_string\"}}],\"inLanguage\":\"fr-FR\"}]}<\/script>\n<!-- \/ Yoast SEO plugin. -->","yoast_head_json":{"title":"Chambre Twin 2 Lits Paris 11e | H\u00f4tel Belfort Paris","description":"Chambre twin avec 2 lits simples \u00e0 Paris 11e. Id\u00e9al amis ou coll\u00e8gues. Climatisation, WiFi gratuit. M\u00e9tro Philippe Auguste ligne 2.","robots":{"index":"index","follow":"follow","max-snippet":"max-snippet:-1","max-image-preview":"max-image-preview:large","max-video-preview":"max-video-preview:-1"},"canonical":"https:\/\/www.hoteldebelfort.com\/fr\/hotel-belforts-rooms\/standard-twin-room\/","og_locale":"fr_FR","og_type":"article","og_title":"Chambre Twin 2 Lits Paris 11e | H\u00f4tel Belfort Paris","og_description":"Chambre twin avec 2 lits simples \u00e0 Paris 11e. Id\u00e9al amis ou coll\u00e8gues. Climatisation, WiFi gratuit. M\u00e9tro Philippe Auguste ligne 2.","og_url":"https:\/\/www.hoteldebelfort.com\/fr\/hotel-belforts-rooms\/standard-twin-room\/","og_site_name":"Belfort Paris","article_modified_time":"2026-02-20T15:38:10+00:00","og_image":[{"width":1200,"height":900,"url":"https:\/\/www.hoteldebelfort.com\/wp-content\/uploads\/sites\/480\/2025\/04\/402.jpg","type":"image\/jpeg"}],"twitter_card":"summary_large_image","schema":{"@context":"https:\/\/schema.org","@graph":[{"@type":"WebPage","@id":"https:\/\/www.hoteldebelfort.com\/fr\/hotel-belforts-rooms\/standard-twin-room\/","url":"https:\/\/www.hoteldebelfort.com\/fr\/hotel-belforts-rooms\/standard-twin-room\/","name":"Chambre Twin 2 Lits Paris 11e | H\u00f4tel Belfort Paris","isPartOf":{"@id":"https:\/\/www.hoteldebelfort.com\/fr\/#website"},"primaryImageOfPage":{"@id":"https:\/\/www.hoteldebelfort.com\/fr\/hotel-belforts-rooms\/standard-twin-room\/#primaryimage"},"image":{"@id":"https:\/\/www.hoteldebelfort.com\/fr\/hotel-belforts-rooms\/standard-twin-room\/#primaryimage"},"thumbnailUrl":"https:\/\/www.hoteldebelfort.com\/wp-content\/uploads\/sites\/480\/2025\/04\/402.jpg","datePublished":"2022-08-22T15:49:51+00:00","dateModified":"2026-02-20T15:38:10+00:00","description":"Chambre twin avec 2 lits simples \u00e0 Paris 11e. Id\u00e9al amis ou coll\u00e8gues. Climatisation, WiFi gratuit. M\u00e9tro Philippe Auguste ligne 2.","breadcrumb":{"@id":"https:\/\/www.hoteldebelfort.com\/fr\/hotel-belforts-rooms\/standard-twin-room\/#breadcrumb"},"inLanguage":"fr-FR","potentialAction":[{"@type":"ReadAction","target":["https:\/\/www.hoteldebelfort.com\/fr\/hotel-belforts-rooms\/standard-twin-room\/"]}]},{"@type":"ImageObject","inLanguage":"fr-FR","@id":"https:\/\/www.hoteldebelfort.com\/fr\/hotel-belforts-rooms\/standard-twin-room\/#primaryimage","url":"https:\/\/www.hoteldebelfort.com\/wp-content\/uploads\/sites\/480\/2025\/04\/402.jpg","contentUrl":"https:\/\/www.hoteldebelfort.com\/wp-content\/uploads\/sites\/480\/2025\/04\/402.jpg","width":1200,"height":900},{"@type":"BreadcrumbList","@id":"https:\/\/www.hoteldebelfort.com\/fr\/hotel-belforts-rooms\/standard-twin-room\/#breadcrumb","itemListElement":[{"@type":"ListItem","position":1,"name":"Accueil","item":"https:\/\/www.hoteldebelfort.com\/fr\/"},{"@type":"ListItem","position":2,"name":"Chambres de l&#8217;h\u00f4tel Belfort","item":"https:\/\/www.hoteldebelfort.com\/fr\/hotel-belforts-rooms\/"},{"@type":"ListItem","position":3,"name":"Chambre Twin Standard"}]},{"@type":"WebSite","@id":"https:\/\/www.hoteldebelfort.com\/fr\/#website","url":"https:\/\/www.hoteldebelfort.com\/fr\/","name":"Belfort Paris","description":"Un site utilisant ms.decms.eu","potentialAction":[{"@type":"SearchAction","target":{"@type":"EntryPoint","urlTemplate":"https:\/\/www.hoteldebelfort.com\/fr\/?s={search_term_string}"},"query-input":{"@type":"PropertyValueSpecification","valueRequired":true,"valueName":"search_term_string"}}],"inLanguage":"fr-FR"}]}},"acf":[],"_links":{"self":[{"href":"https:\/\/www.hoteldebelfort.com\/fr\/wp-json\/wp\/v2\/pages\/14","targetHints":{"allow":["GET"]}}],"collection":[{"href":"https:\/\/www.hoteldebelfort.com\/fr\/wp-json\/wp\/v2\/pages"}],"about":[{"href":"https:\/\/www.hoteldebelfort.com\/fr\/wp-json\/wp\/v2\/types\/page"}],"author":[{"embeddable":true,"href":"https:\/\/www.hoteldebelfort.com\/fr\/wp-json\/wp\/v2\/users\/475"}],"replies":[{"embeddable":true,"href":"https:\/\/www.hoteldebelfort.com\/fr\/wp-json\/wp\/v2\/comments?post=14"}],"version-history":[{"count":0,"href":"https:\/\/www.hoteldebelfort.com\/fr\/wp-json\/wp\/v2\/pages\/14\/revisions"}],"up":[{"embeddable":true,"href":"https:\/\/www.hoteldebelfort.com\/fr\/wp-json\/wp\/v2\/pages\/12"}],"wp:featuredmedia":[{"embeddable":true,"href":"https:\/\/www.hoteldebelfort.com\/fr\/wp-json\/wp\/v2\/media\/253"}],"wp:attachment":[{"href":"https:\/\/www.hoteldebelfort.com\/fr\/wp-json\/wp\/v2\/media?parent=14"}],"curies":[{"name":"wp","href":"https:\/\/api.w.org\/{rel}","templated":true}]}}